	
	
{"id":96702,"date":"2025-11-14T10:29:03","date_gmt":"2025-11-14T09:29:03","guid":{"rendered":"https:\/\/www.acheter-or-argent.fr\/index2.php\/?post_type=product&#038;p=96702"},"modified":"2026-04-24T07:58:44","modified_gmt":"2026-04-24T05:58:44","slug":"tube-vide-1-oz-libertad-argent","status":"publish","type":"product","link":"https:\/\/www.acheter-or-argent.fr\/index2.php\/produit\/tube-vide-1-oz-libertad-argent\/","title":{"rendered":"Tube vide 1 oz libertad argent"},"content":{"rendered":"","protected":false},"excerpt":{"rendered":"<p>Tube vide officiel en plastique pouvant contenir jusqu&rsquo;\u00e0 25 pi\u00e8ces d&rsquo;une once libertad en argent<\/p>\n<p>Voil\u00e0 une excellente solution de stockage pour vos pi\u00e8ces Mexicaines d&rsquo;une once libertad en Argent, ou pour toute autre pi\u00e8ce ayant un diam\u00e8tre maximum de 40 mm<\/p>\n<p>Pays : Mexique<\/p>\n<p>Emetteur : Casa de Moneda de Mexico<\/p>\n<p>Pi\u00e8ces non fournies<\/p>\n","protected":false},"featured_media":96711,"comment_status":"open","ping_status":"closed","template":"","meta":{"_seopress_robots_primary_cat":"none","_seopress_titles_title":"","_seopress_titles_desc":"","_seopress_robots_index":""},"product_brand":[],"product_cat":[245],"product_tag":[],"class_list":{"0":"post-96702","1":"product","2":"type-product","3":"status-publish","4":"has-post-thumbnail","6":"product_cat-tubes-de-stockage","8":"first","9":"instock","10":"taxable","11":"shipping-taxable","12":"purchasable","13":"product-type-simple"},"_links":{"self":[{"href":"https:\/\/www.acheter-or-argent.fr\/index2.php\/wp-json\/wp\/v2\/product\/96702","targetHints":{"allow":["GET"]}}],"collection":[{"href":"https:\/\/www.acheter-or-argent.fr\/index2.php\/wp-json\/wp\/v2\/product"}],"about":[{"href":"https:\/\/www.acheter-or-argent.fr\/index2.php\/wp-json\/wp\/v2\/types\/product"}],"replies":[{"embeddable":true,"href":"https:\/\/www.acheter-or-argent.fr\/index2.php\/wp-json\/wp\/v2\/comments?post=96702"}],"wp:featuredmedia":[{"embeddable":true,"href":"https:\/\/www.acheter-or-argent.fr\/index2.php\/wp-json\/wp\/v2\/media\/96711"}],"wp:attachment":[{"href":"https:\/\/www.acheter-or-argent.fr\/index2.php\/wp-json\/wp\/v2\/media?parent=96702"}],"wp:term":[{"taxonomy":"product_brand","embeddable":true,"href":"https:\/\/www.acheter-or-argent.fr\/index2.php\/wp-json\/wp\/v2\/product_brand?post=96702"},{"taxonomy":"product_cat","embeddable":true,"href":"https:\/\/www.acheter-or-argent.fr\/index2.php\/wp-json\/wp\/v2\/product_cat?post=96702"},{"taxonomy":"product_tag","embeddable":true,"href":"https:\/\/www.acheter-or-argent.fr\/index2.php\/wp-json\/wp\/v2\/product_tag?post=96702"}],"curies":[{"name":"wp","href":"https:\/\/api.w.org\/{rel}","templated":true}]}}