	
	
{"id":87,"date":"2024-09-30T16:35:27","date_gmt":"2024-09-30T14:35:27","guid":{"rendered":"https:\/\/www.acheter-or-argent.fr\/index2.php\/?post_type=product&#038;p=87"},"modified":"2026-05-12T17:20:08","modified_gmt":"2026-05-12T15:20:08","slug":"10-francs-hercule","status":"publish","type":"product","link":"https:\/\/www.acheter-or-argent.fr\/index2.php\/produit\/10-francs-hercule\/","title":{"rendered":"10 francs hercule"},"content":{"rendered":"","protected":false},"excerpt":{"rendered":"<p><strong>Cat\u00e9gorie : investissement<br \/>\n<\/strong><span style=\"font-family: -apple-system, BlinkMacSystemFont, 'Segoe UI', Roboto, 'Helvetica Neue', Arial, 'Noto Sans', sans-serif, 'Apple Color Emoji', 'Segoe UI Emoji', 'Segoe UI Symbol', 'Noto Color Emoji';\">M\u00e9tal : argent<br \/>\n<\/span><span style=\"font-family: -apple-system, BlinkMacSystemFont, 'Segoe UI', Roboto, 'Helvetica Neue', Arial, 'Noto Sans', sans-serif, 'Apple Color Emoji', 'Segoe UI Emoji', 'Segoe UI Symbol', 'Noto Color Emoji';\">Ann\u00e9es : 1964 \u00e0 1973<\/span><\/p>\n<p>Poids brut : 25 g<br \/>\nPoids fin : 22,50 g<br \/>\nTitre : 900\/1000<br \/>\nDiam\u00e8tre : 37 mm<br \/>\nValeur faciale : 10 Francs<br \/>\n<span style=\"font-family: -apple-system, BlinkMacSystemFont, 'Segoe UI', Roboto, 'Helvetica Neue', Arial, 'Noto Sans', sans-serif, 'Apple Color Emoji', 'Segoe UI Emoji', 'Segoe UI Symbol', 'Noto Color Emoji';\">Etat des pi\u00e8ces : courant<\/span><\/p>\n<p>#Mars2026<\/p>\n","protected":false},"featured_media":4765,"comment_status":"open","ping_status":"closed","template":"","meta":{"_seopress_robots_primary_cat":"","_seopress_titles_title":"","_seopress_titles_desc":"","_seopress_robots_index":"","_seopress_analysis_target_kw":"Pi\u00e8ce en argent 10 francs Hercule,10 francs argent Hercule valeur actuelle,Pi\u00e8ce 10 francs Hercule prix,Acheter pi\u00e8ce en argent 10 francs Hercule,Valeur 10 francs argent Hercule aujourd\u2019hui,Investir dans la pi\u00e8ce 10 francs Hercule argent,Monnaie argent 10 francs Hercule,Raret\u00e9 pi\u00e8ce en argent 10 francs Hercule,Histoire de la pi\u00e8ce 10 francs Hercule,Collection pi\u00e8ce 10 francs argent Hercule,Pi\u00e8ce argent 10 francs Hercule caract\u00e9ristiques,Poids et diam\u00e8tre 10 francs argent Hercule,Valeur numismatique pi\u00e8ce 10 francs Hercule,Pi\u00e8ce argent Hercule 10 francs ann\u00e9es 1965-1973,Raret\u00e9 de la pi\u00e8ce 10 francs Hercule argent,Pi\u00e8ce argent Hercule valeur investissement,Pi\u00e8ce en argent 10 francs Hercule Troisi\u00e8me R\u00e9publique,Valeur historique pi\u00e8ce argent 10 francs Hercule,\u00c9volution prix 10 francs Hercule argent,O\u00f9 vendre une pi\u00e8ce 10 francs argent Hercule ?,symbolisme de la pi\u00e8ce 10 francs Hercule,signification des gravures sur la pi\u00e8ce Hercule argent,Investir dans une pi\u00e8ce en argent 10 francs Hercule,Avantages d\u2019acheter des pi\u00e8ces d\u2019argent Hercule,\u00c9volution du prix de l\u2019argent et des pi\u00e8ces Hercule,Quelle est la valeur actuelle d\u2019une pi\u00e8ce 10 francs argent Hercule ?,Pourquoi collectionner les pi\u00e8ces en argent Hercule ?,Acheter des pi\u00e8ces en argent Hercule pour investir dans les m\u00e9taux pr\u00e9cieux"},"product_brand":[],"product_cat":[215],"product_tag":[],"class_list":{"0":"post-87","1":"product","2":"type-product","3":"status-publish","4":"has-post-thumbnail","6":"product_cat-france-pieces-dargent","8":"first","9":"instock","10":"taxable","11":"shipping-taxable","12":"purchasable","13":"product-type-simple"},"_links":{"self":[{"href":"https:\/\/www.acheter-or-argent.fr\/index2.php\/wp-json\/wp\/v2\/product\/87","targetHints":{"allow":["GET"]}}],"collection":[{"href":"https:\/\/www.acheter-or-argent.fr\/index2.php\/wp-json\/wp\/v2\/product"}],"about":[{"href":"https:\/\/www.acheter-or-argent.fr\/index2.php\/wp-json\/wp\/v2\/types\/product"}],"replies":[{"embeddable":true,"href":"https:\/\/www.acheter-or-argent.fr\/index2.php\/wp-json\/wp\/v2\/comments?post=87"}],"wp:featuredmedia":[{"embeddable":true,"href":"https:\/\/www.acheter-or-argent.fr\/index2.php\/wp-json\/wp\/v2\/media\/4765"}],"wp:attachment":[{"href":"https:\/\/www.acheter-or-argent.fr\/index2.php\/wp-json\/wp\/v2\/media?parent=87"}],"wp:term":[{"taxonomy":"product_brand","embeddable":true,"href":"https:\/\/www.acheter-or-argent.fr\/index2.php\/wp-json\/wp\/v2\/product_brand?post=87"},{"taxonomy":"product_cat","embeddable":true,"href":"https:\/\/www.acheter-or-argent.fr\/index2.php\/wp-json\/wp\/v2\/product_cat?post=87"},{"taxonomy":"product_tag","embeddable":true,"href":"https:\/\/www.acheter-or-argent.fr\/index2.php\/wp-json\/wp\/v2\/product_tag?post=87"}],"curies":[{"name":"wp","href":"https:\/\/api.w.org\/{rel}","templated":true}]}}