	
	
{"id":8595,"date":"2024-10-10T09:19:33","date_gmt":"2024-10-10T07:19:33","guid":{"rendered":"https:\/\/www.acheter-or-argent.fr\/index2.php\/?post_type=product&#038;p=8595"},"modified":"2025-11-20T08:33:24","modified_gmt":"2025-11-20T07:33:24","slug":"tube-vide-elephant-somalie-argent","status":"publish","type":"product","link":"https:\/\/www.acheter-or-argent.fr\/index2.php\/produit\/tube-vide-elephant-somalie-argent\/","title":{"rendered":"Tube vide \u00e9l\u00e9phant somalie argent"},"content":{"rendered":"","protected":false},"excerpt":{"rendered":"<p>Tube vide officiel en plastique pouvant contenir jusqu&rsquo;\u00e0 20 onces d&rsquo;argent \u00e9l\u00e9phant Somalie<\/p>\n<p>Voil\u00e0 une excellente solution de stockage pour vos \u00e9l\u00e9phants de Somalie, ou pour tout autre pi\u00e8ce ayant un diam\u00e8tre maximum de 39 mm<br \/>\nConvient aussi pour 10 Francs Hercule argent<\/p>\n<p>Pays : Somalie<\/p>\n<p>Emetteur : Bavarian Mint<\/p>\n<p>Pi\u00e8ces non fournies<\/p>\n","protected":false},"featured_media":8600,"comment_status":"open","ping_status":"closed","template":"","meta":{"_seopress_robots_primary_cat":"none","_seopress_titles_title":"","_seopress_titles_desc":"","_seopress_robots_index":""},"product_brand":[],"product_cat":[245],"product_tag":[],"class_list":{"0":"post-8595","1":"product","2":"type-product","3":"status-publish","4":"has-post-thumbnail","6":"product_cat-tubes-de-stockage","8":"first","9":"instock","10":"taxable","11":"shipping-taxable","12":"purchasable","13":"product-type-simple"},"_links":{"self":[{"href":"https:\/\/www.acheter-or-argent.fr\/index2.php\/wp-json\/wp\/v2\/product\/8595","targetHints":{"allow":["GET"]}}],"collection":[{"href":"https:\/\/www.acheter-or-argent.fr\/index2.php\/wp-json\/wp\/v2\/product"}],"about":[{"href":"https:\/\/www.acheter-or-argent.fr\/index2.php\/wp-json\/wp\/v2\/types\/product"}],"replies":[{"embeddable":true,"href":"https:\/\/www.acheter-or-argent.fr\/index2.php\/wp-json\/wp\/v2\/comments?post=8595"}],"wp:featuredmedia":[{"embeddable":true,"href":"https:\/\/www.acheter-or-argent.fr\/index2.php\/wp-json\/wp\/v2\/media\/8600"}],"wp:attachment":[{"href":"https:\/\/www.acheter-or-argent.fr\/index2.php\/wp-json\/wp\/v2\/media?parent=8595"}],"wp:term":[{"taxonomy":"product_brand","embeddable":true,"href":"https:\/\/www.acheter-or-argent.fr\/index2.php\/wp-json\/wp\/v2\/product_brand?post=8595"},{"taxonomy":"product_cat","embeddable":true,"href":"https:\/\/www.acheter-or-argent.fr\/index2.php\/wp-json\/wp\/v2\/product_cat?post=8595"},{"taxonomy":"product_tag","embeddable":true,"href":"https:\/\/www.acheter-or-argent.fr\/index2.php\/wp-json\/wp\/v2\/product_tag?post=8595"}],"curies":[{"name":"wp","href":"https:\/\/api.w.org\/{rel}","templated":true}]}}