	
	
{"id":8143,"date":"2024-10-09T12:52:22","date_gmt":"2024-10-09T10:52:22","guid":{"rendered":"https:\/\/www.acheter-or-argent.fr\/index2.php\/?post_type=product&#038;p=8143"},"modified":"2025-05-22T14:49:17","modified_gmt":"2025-05-22T12:49:17","slug":"capsule-plastique-de-14-a-46-mm","status":"publish","type":"product","link":"https:\/\/www.acheter-or-argent.fr\/index2.php\/produit\/capsule-plastique-de-14-a-46-mm\/","title":{"rendered":"Capsule plastique de 14 \u00e0 46 mm"},"content":{"rendered":"","protected":false},"excerpt":{"rendered":"<p>Capsule plastique de marque LINDNER ou LEUCHTTURM<br \/>\nQuantit\u00e9 : 1 capsule<\/p>\n<p>\u00d8 : 14 \u00e0 46 mm<\/p>\n<p>Demandez nous directement de mettre vos pi\u00e8ces sous capsule avant de les sceller<\/p>\n<p>Pour pi\u00e8ces d&rsquo;or et pi\u00e8ces d&rsquo;argent de toutes tailles jusqu&rsquo;\u00e0 une once or\/argent (10 fr, 20 fr, 40 fr, 50 fr, 1\/25 oz, 1\/20 oz, 1\/10 oz, 1\/4 oz, 1\/2 oz, 1 oz)<br \/>\n<strong>ATTENTION, NE CONVIENT PAS AUX PIECES DE 2 ONCES<\/strong><\/p>\n<p>\u2714\ufe0f Protection durable \u2013 Contre les rayures, la poussi\u00e8re et l\u2019oxydation.<br \/>\n\u2714\ufe0f Id\u00e9al pour l\u2019exposition et la pr\u00e9servation.<\/p>\n","protected":false},"featured_media":8146,"comment_status":"open","ping_status":"closed","template":"","meta":{"_seopress_robots_primary_cat":"none","_seopress_titles_title":"","_seopress_titles_desc":"","_seopress_robots_index":""},"product_brand":[],"product_cat":[244],"product_tag":[],"class_list":{"0":"post-8143","1":"product","2":"type-product","3":"status-publish","4":"has-post-thumbnail","6":"product_cat-capsules","8":"first","9":"instock","10":"taxable","11":"shipping-taxable","12":"purchasable","13":"product-type-simple"},"_links":{"self":[{"href":"https:\/\/www.acheter-or-argent.fr\/index2.php\/wp-json\/wp\/v2\/product\/8143","targetHints":{"allow":["GET"]}}],"collection":[{"href":"https:\/\/www.acheter-or-argent.fr\/index2.php\/wp-json\/wp\/v2\/product"}],"about":[{"href":"https:\/\/www.acheter-or-argent.fr\/index2.php\/wp-json\/wp\/v2\/types\/product"}],"replies":[{"embeddable":true,"href":"https:\/\/www.acheter-or-argent.fr\/index2.php\/wp-json\/wp\/v2\/comments?post=8143"}],"wp:featuredmedia":[{"embeddable":true,"href":"https:\/\/www.acheter-or-argent.fr\/index2.php\/wp-json\/wp\/v2\/media\/8146"}],"wp:attachment":[{"href":"https:\/\/www.acheter-or-argent.fr\/index2.php\/wp-json\/wp\/v2\/media?parent=8143"}],"wp:term":[{"taxonomy":"product_brand","embeddable":true,"href":"https:\/\/www.acheter-or-argent.fr\/index2.php\/wp-json\/wp\/v2\/product_brand?post=8143"},{"taxonomy":"product_cat","embeddable":true,"href":"https:\/\/www.acheter-or-argent.fr\/index2.php\/wp-json\/wp\/v2\/product_cat?post=8143"},{"taxonomy":"product_tag","embeddable":true,"href":"https:\/\/www.acheter-or-argent.fr\/index2.php\/wp-json\/wp\/v2\/product_tag?post=8143"}],"curies":[{"name":"wp","href":"https:\/\/api.w.org\/{rel}","templated":true}]}}