	
	
{"id":8138,"date":"2024-10-09T12:49:46","date_gmt":"2024-10-09T10:49:46","guid":{"rendered":"https:\/\/www.acheter-or-argent.fr\/index2.php\/?post_type=product&#038;p=8138"},"modified":"2025-05-22T14:55:36","modified_gmt":"2025-05-22T12:55:36","slug":"capsule-everslab-37-mm","status":"publish","type":"product","link":"https:\/\/www.acheter-or-argent.fr\/index2.php\/produit\/capsule-everslab-37-mm\/","title":{"rendered":"Capsule everslab 37 mm"},"content":{"rendered":"","protected":false},"excerpt":{"rendered":"<p>Prot\u00e9gez et sublimez vos pi\u00e8ces gr\u00e2ce \u00e0 la <strong>Capsule Everslab 37 mm<\/strong>.<br \/>\nSp\u00e9cialement con\u00e7ue pour les pi\u00e8ces <strong>d\u2019un diam\u00e8tre de 37 mm<\/strong>, cette capsule assure une conservation optimale tout en offrant une pr\u00e9sentation \u00e9l\u00e9gante.<\/p>\n<p><strong>Adapt\u00e9e aux pi\u00e8ces de 37 mm : 5 francs \u00e9cus argent napol\u00e9on III, louis philippe, hercule, louis-napol\u00e9on bonaparte, c\u00e9r\u00e8s, l\u00e9opold II Belgique, vittorio emanuele II Italie&#8230;<\/strong><\/p>\n<p>\u2714\ufe0f Protection durable \u2013 Contre les rayures, la poussi\u00e8re et l\u2019oxydation.<br \/>\n\u2714\ufe0f Id\u00e9al pour l\u2019exposition et la pr\u00e9servation.<\/p>\n","protected":false},"featured_media":8139,"comment_status":"open","ping_status":"closed","template":"","meta":{"_seopress_robots_primary_cat":"none","_seopress_titles_title":"","_seopress_titles_desc":"","_seopress_robots_index":""},"product_brand":[],"product_cat":[244],"product_tag":[],"class_list":{"0":"post-8138","1":"product","2":"type-product","3":"status-publish","4":"has-post-thumbnail","6":"product_cat-capsules","8":"first","9":"instock","10":"taxable","11":"shipping-taxable","12":"purchasable","13":"product-type-simple"},"_links":{"self":[{"href":"https:\/\/www.acheter-or-argent.fr\/index2.php\/wp-json\/wp\/v2\/product\/8138","targetHints":{"allow":["GET"]}}],"collection":[{"href":"https:\/\/www.acheter-or-argent.fr\/index2.php\/wp-json\/wp\/v2\/product"}],"about":[{"href":"https:\/\/www.acheter-or-argent.fr\/index2.php\/wp-json\/wp\/v2\/types\/product"}],"replies":[{"embeddable":true,"href":"https:\/\/www.acheter-or-argent.fr\/index2.php\/wp-json\/wp\/v2\/comments?post=8138"}],"wp:featuredmedia":[{"embeddable":true,"href":"https:\/\/www.acheter-or-argent.fr\/index2.php\/wp-json\/wp\/v2\/media\/8139"}],"wp:attachment":[{"href":"https:\/\/www.acheter-or-argent.fr\/index2.php\/wp-json\/wp\/v2\/media?parent=8138"}],"wp:term":[{"taxonomy":"product_brand","embeddable":true,"href":"https:\/\/www.acheter-or-argent.fr\/index2.php\/wp-json\/wp\/v2\/product_brand?post=8138"},{"taxonomy":"product_cat","embeddable":true,"href":"https:\/\/www.acheter-or-argent.fr\/index2.php\/wp-json\/wp\/v2\/product_cat?post=8138"},{"taxonomy":"product_tag","embeddable":true,"href":"https:\/\/www.acheter-or-argent.fr\/index2.php\/wp-json\/wp\/v2\/product_tag?post=8138"}],"curies":[{"name":"wp","href":"https:\/\/api.w.org\/{rel}","templated":true}]}}