	
	
{"id":8120,"date":"2024-10-09T12:19:10","date_gmt":"2024-10-09T10:19:10","guid":{"rendered":"https:\/\/www.acheter-or-argent.fr\/index2.php\/?post_type=product&#038;p=8120"},"modified":"2024-10-13T22:07:46","modified_gmt":"2024-10-13T20:07:46","slug":"scelle-pour-piece-lingot-argent","status":"publish","type":"product","link":"https:\/\/www.acheter-or-argent.fr\/index2.php\/produit\/scelle-pour-piece-lingot-argent\/","title":{"rendered":"Scell\u00e9 pour pi\u00e8ce\/lingot argent"},"content":{"rendered":"","protected":false},"excerpt":{"rendered":"<p>Scell\u00e9 pour pi\u00e8ce \/ lingot d&rsquo;argent<\/p>\n<p>Plastique haute qualit\u00e9, 120 microns<br \/>\nFerm\u00e9e, la bande adh\u00e9sive est inviolable<br \/>\nNum\u00e9rotation unique<\/p>\n<p>Nous vendons ce produit uniquement si vous achetez des pi\u00e8ces ou lingots.<br \/>\nTout sachet scell\u00e9 envoy\u00e9 est d\u00e9finitivement ferm\u00e9.<\/p>\n<p>Acheter-Or-Argent.fr garantit la reprise au cours du jour si le sachet n&rsquo;a pas \u00e9t\u00e9 ouvert.<\/p>\n","protected":false},"featured_media":8121,"comment_status":"closed","ping_status":"closed","template":"","meta":{"_seopress_robots_primary_cat":"none","_seopress_titles_title":"","_seopress_titles_desc":"","_seopress_robots_index":""},"product_brand":[],"product_cat":[247],"product_tag":[],"class_list":{"0":"post-8120","1":"product","2":"type-product","3":"status-publish","4":"has-post-thumbnail","6":"product_cat-scelles-or-et-argent","8":"first","9":"instock","10":"taxable","11":"shipping-taxable","12":"purchasable","13":"product-type-simple"},"_links":{"self":[{"href":"https:\/\/www.acheter-or-argent.fr\/index2.php\/wp-json\/wp\/v2\/product\/8120","targetHints":{"allow":["GET"]}}],"collection":[{"href":"https:\/\/www.acheter-or-argent.fr\/index2.php\/wp-json\/wp\/v2\/product"}],"about":[{"href":"https:\/\/www.acheter-or-argent.fr\/index2.php\/wp-json\/wp\/v2\/types\/product"}],"replies":[{"embeddable":true,"href":"https:\/\/www.acheter-or-argent.fr\/index2.php\/wp-json\/wp\/v2\/comments?post=8120"}],"wp:featuredmedia":[{"embeddable":true,"href":"https:\/\/www.acheter-or-argent.fr\/index2.php\/wp-json\/wp\/v2\/media\/8121"}],"wp:attachment":[{"href":"https:\/\/www.acheter-or-argent.fr\/index2.php\/wp-json\/wp\/v2\/media?parent=8120"}],"wp:term":[{"taxonomy":"product_brand","embeddable":true,"href":"https:\/\/www.acheter-or-argent.fr\/index2.php\/wp-json\/wp\/v2\/product_brand?post=8120"},{"taxonomy":"product_cat","embeddable":true,"href":"https:\/\/www.acheter-or-argent.fr\/index2.php\/wp-json\/wp\/v2\/product_cat?post=8120"},{"taxonomy":"product_tag","embeddable":true,"href":"https:\/\/www.acheter-or-argent.fr\/index2.php\/wp-json\/wp\/v2\/product_tag?post=8120"}],"curies":[{"name":"wp","href":"https:\/\/api.w.org\/{rel}","templated":true}]}}