	
	
{"id":762,"date":"2024-09-30T16:37:09","date_gmt":"2024-09-30T14:37:09","guid":{"rendered":"https:\/\/www.acheter-or-argent.fr\/index2.php\/?post_type=product&#038;p=762"},"modified":"2026-05-06T11:24:55","modified_gmt":"2026-05-06T09:24:55","slug":"lingot-argent-1-kg-metalor-suisse-2","status":"publish","type":"product","link":"https:\/\/www.acheter-or-argent.fr\/index2.php\/produit\/lingot-argent-1-kg-metalor-suisse-2\/","title":{"rendered":"Lingot argent 1 kg metalor Suisse"},"content":{"rendered":"","protected":false},"excerpt":{"rendered":"<p>Cat\u00e9gorie : investissement<br \/>\nM\u00e9tal : argent<\/p>\n<p>Poids : 1 kg<br \/>\nTitre : 999\/1000<\/p>\n<p><strong>Provenance : Suisse<\/strong><\/p>\n<p><strong>Marque : Metalor<\/strong><\/p>\n<p>Lingot moul\u00e9, num\u00e9rot\u00e9 avec certificat unique<\/p>\n<p>Certification LBMA<br \/>\nLondon Bullion Market Association<\/p>\n<p><strong>TVA incluse 20%<\/strong><\/p>\n","protected":false},"featured_media":9814,"comment_status":"open","ping_status":"closed","template":"","meta":{"_seopress_robots_primary_cat":"none","_seopress_titles_title":"","_seopress_titles_desc":"","_seopress_robots_index":""},"product_brand":[],"product_cat":[142],"product_tag":[],"class_list":{"0":"post-762","1":"product","2":"type-product","3":"status-publish","4":"has-post-thumbnail","6":"product_cat-60-lingot-argent-1kg","8":"first","9":"instock","10":"taxable","11":"shipping-taxable","12":"purchasable","13":"product-type-simple"},"_links":{"self":[{"href":"https:\/\/www.acheter-or-argent.fr\/index2.php\/wp-json\/wp\/v2\/product\/762","targetHints":{"allow":["GET"]}}],"collection":[{"href":"https:\/\/www.acheter-or-argent.fr\/index2.php\/wp-json\/wp\/v2\/product"}],"about":[{"href":"https:\/\/www.acheter-or-argent.fr\/index2.php\/wp-json\/wp\/v2\/types\/product"}],"replies":[{"embeddable":true,"href":"https:\/\/www.acheter-or-argent.fr\/index2.php\/wp-json\/wp\/v2\/comments?post=762"}],"wp:featuredmedia":[{"embeddable":true,"href":"https:\/\/www.acheter-or-argent.fr\/index2.php\/wp-json\/wp\/v2\/media\/9814"}],"wp:attachment":[{"href":"https:\/\/www.acheter-or-argent.fr\/index2.php\/wp-json\/wp\/v2\/media?parent=762"}],"wp:term":[{"taxonomy":"product_brand","embeddable":true,"href":"https:\/\/www.acheter-or-argent.fr\/index2.php\/wp-json\/wp\/v2\/product_brand?post=762"},{"taxonomy":"product_cat","embeddable":true,"href":"https:\/\/www.acheter-or-argent.fr\/index2.php\/wp-json\/wp\/v2\/product_cat?post=762"},{"taxonomy":"product_tag","embeddable":true,"href":"https:\/\/www.acheter-or-argent.fr\/index2.php\/wp-json\/wp\/v2\/product_tag?post=762"}],"curies":[{"name":"wp","href":"https:\/\/api.w.org\/{rel}","templated":true}]}}