	
	
{"id":58129,"date":"2025-06-12T14:43:20","date_gmt":"2025-06-12T12:43:20","guid":{"rendered":"https:\/\/www.acheter-or-argent.fr\/index2.php\/?post_type=product&#038;p=58129"},"modified":"2025-12-07T17:00:31","modified_gmt":"2025-12-07T16:00:31","slug":"ecrin-numismatique-pour-piece","status":"publish","type":"product","link":"https:\/\/www.acheter-or-argent.fr\/index2.php\/produit\/ecrin-numismatique-pour-piece\/","title":{"rendered":"Ecrin numismatique pour pi\u00e8ce d&rsquo;or"},"content":{"rendered":"","protected":false},"excerpt":{"rendered":"<p>\u00c9crin haut de gamme id\u00e9al pour conserver et mettre en valeur votre pi\u00e8ce sous capsule de 21,5 mm \u00e0 22,5 mm<\/p>\n<p>\u2022 \u00c9crin pour monnaie sous capsule de 21,5 mm \u00e0 22,5 mm<br \/>\n\u2022 Format ext\u00e9rieur : 65 x 65 mm<br \/>\n\u2022 Tissu int\u00e9rieur mat simili cuir<br \/>\n\u2022 Structure solide en m\u00e9tal<\/p>\n<p>\u2714\ufe0f 20 francs fran\u00e7ais<br \/>\n\u2714\ufe0f 20 francs suisse<br \/>\n\u2714\ufe0f 20 francs union latine<br \/>\n\u2714\ufe0f souverains GB<br \/>\n\u2714\ufe0f 10 florins<br \/>\n\u2714\ufe0f 20 mark<br \/>\n\u2714\ufe0f 5 dollars<\/p>\n<p>(Pi\u00e8ces et capsules non fournis).<\/p>\n","protected":false},"featured_media":58140,"comment_status":"open","ping_status":"closed","template":"","meta":{"_seopress_robots_primary_cat":"none","_seopress_titles_title":"","_seopress_titles_desc":"","_seopress_robots_index":""},"product_brand":[],"product_cat":[246],"product_tag":[],"class_list":{"0":"post-58129","1":"product","2":"type-product","3":"status-publish","4":"has-post-thumbnail","6":"product_cat-boite-de-stockage","8":"first","9":"instock","10":"taxable","11":"shipping-taxable","12":"purchasable","13":"product-type-simple"},"_links":{"self":[{"href":"https:\/\/www.acheter-or-argent.fr\/index2.php\/wp-json\/wp\/v2\/product\/58129","targetHints":{"allow":["GET"]}}],"collection":[{"href":"https:\/\/www.acheter-or-argent.fr\/index2.php\/wp-json\/wp\/v2\/product"}],"about":[{"href":"https:\/\/www.acheter-or-argent.fr\/index2.php\/wp-json\/wp\/v2\/types\/product"}],"replies":[{"embeddable":true,"href":"https:\/\/www.acheter-or-argent.fr\/index2.php\/wp-json\/wp\/v2\/comments?post=58129"}],"wp:featuredmedia":[{"embeddable":true,"href":"https:\/\/www.acheter-or-argent.fr\/index2.php\/wp-json\/wp\/v2\/media\/58140"}],"wp:attachment":[{"href":"https:\/\/www.acheter-or-argent.fr\/index2.php\/wp-json\/wp\/v2\/media?parent=58129"}],"wp:term":[{"taxonomy":"product_brand","embeddable":true,"href":"https:\/\/www.acheter-or-argent.fr\/index2.php\/wp-json\/wp\/v2\/product_brand?post=58129"},{"taxonomy":"product_cat","embeddable":true,"href":"https:\/\/www.acheter-or-argent.fr\/index2.php\/wp-json\/wp\/v2\/product_cat?post=58129"},{"taxonomy":"product_tag","embeddable":true,"href":"https:\/\/www.acheter-or-argent.fr\/index2.php\/wp-json\/wp\/v2\/product_tag?post=58129"}],"curies":[{"name":"wp","href":"https:\/\/api.w.org\/{rel}","templated":true}]}}