	
	
{"id":335,"date":"2024-09-30T16:36:07","date_gmt":"2024-09-30T14:36:07","guid":{"rendered":"https:\/\/www.acheter-or-argent.fr\/index2.php\/?post_type=product&#038;p=335"},"modified":"2026-05-07T20:54:52","modified_gmt":"2026-05-07T18:54:52","slug":"100-francs-commemorative","status":"publish","type":"product","link":"https:\/\/www.acheter-or-argent.fr\/index2.php\/produit\/100-francs-commemorative\/","title":{"rendered":"100 francs comm\u00e9morative"},"content":{"rendered":"","protected":false},"excerpt":{"rendered":"<p><strong>Cat\u00e9gorie : investissement<\/strong><\/p>\n<p>M\u00e9tal : argent<br \/>\nAnn\u00e9es : 1982 \u00e0 1997<\/p>\n<p><strong>Emetteur : Monnaie de Paris<\/strong><br \/>\nPoids brut : 15 g<br \/>\nPoids fin : 13,5 g<br \/>\nTitre : 900\/1000<br \/>\n\u00d8\u00a0: 31 mm<br \/>\nEtat : courant<br \/>\nEffigies diff\u00e9rentes : Panth\u00e9on, Marie Curie, Emile Zola, Libert\u00e9, La Fayette, Fraternit\u00e9, Droits de l&rsquo;Homme, Charlemagne, Descartes&#8230;<br \/>\nValeur faciale : 100 Francs<\/p>\n","protected":false},"featured_media":4763,"comment_status":"open","ping_status":"closed","template":"","meta":{"_seopress_robots_primary_cat":"none","_seopress_titles_title":"","_seopress_titles_desc":"","_seopress_robots_index":"","_seopress_analysis_target_kw":"Pi\u00e8ce en argent 100 francs comm\u00e9morative,100 francs argent comm\u00e9morative valeur,Acheter pi\u00e8ce argent 100 francs comm\u00e9morative,Prix actuel 100 francs argent comm\u00e9morative,Pi\u00e8ce comm\u00e9morative argent 100 francs collection,Valeur pi\u00e8ce argent 100 francs comm\u00e9morative,100 francs argent comm\u00e9morative cotation,Investir dans une pi\u00e8ce argent 100 francs,100 francs comm\u00e9morative argent prix,Histoire des pi\u00e8ces 100 francs argent comm\u00e9moratives,100 francs argent comm\u00e9morative raret\u00e9,Cotation des pi\u00e8ces argent 100 francs comm\u00e9moratives,Collection de pi\u00e8ces argent 100 francs,100 francs argent comm\u00e9morative caract\u00e9ristiques,Pi\u00e8ce en argent comm\u00e9morative France 100 francs,Numismatique pi\u00e8ces argent 100 francs comm\u00e9moratives,Valeur numismatique 100 francs argent comm\u00e9morative,\u00c9volution prix 100 francs argent comm\u00e9morative,Pi\u00e8ce en argent 100 francs comm\u00e9morative 1982,O\u00f9 acheter une pi\u00e8ce comm\u00e9morative argent 100 francs ?,100 francs argent comm\u00e9morative 1986 Statue de la Libert\u00e9,100 francs argent comm\u00e9morative 1989 R\u00e9volution Fran\u00e7aise,Signification de la pi\u00e8ce 100 francs comm\u00e9morative argent,Histoire des pi\u00e8ces comm\u00e9moratives en argent 100 francs,Investir dans les pi\u00e8ces en argent comm\u00e9moratives 100 francs,Raret\u00e9 des pi\u00e8ces argent 100 francs comm\u00e9moratives,Pourquoi collectionner les 100 francs argent comm\u00e9moratives ?,Quelle est la valeur actuelle des pi\u00e8ces en argent 100 francs comm\u00e9moratives ?,O\u00f9 trouver des pi\u00e8ces comm\u00e9moratives argent 100 francs en ligne ?,Quels sont les mill\u00e9simes rares pour les pi\u00e8ces argent 100 francs comm\u00e9moratives ?"},"product_brand":[],"product_cat":[215],"product_tag":[],"class_list":{"0":"post-335","1":"product","2":"type-product","3":"status-publish","4":"has-post-thumbnail","6":"product_cat-france-pieces-dargent","8":"first","9":"instock","10":"taxable","11":"shipping-taxable","12":"purchasable","13":"product-type-simple"},"_links":{"self":[{"href":"https:\/\/www.acheter-or-argent.fr\/index2.php\/wp-json\/wp\/v2\/product\/335","targetHints":{"allow":["GET"]}}],"collection":[{"href":"https:\/\/www.acheter-or-argent.fr\/index2.php\/wp-json\/wp\/v2\/product"}],"about":[{"href":"https:\/\/www.acheter-or-argent.fr\/index2.php\/wp-json\/wp\/v2\/types\/product"}],"replies":[{"embeddable":true,"href":"https:\/\/www.acheter-or-argent.fr\/index2.php\/wp-json\/wp\/v2\/comments?post=335"}],"wp:featuredmedia":[{"embeddable":true,"href":"https:\/\/www.acheter-or-argent.fr\/index2.php\/wp-json\/wp\/v2\/media\/4763"}],"wp:attachment":[{"href":"https:\/\/www.acheter-or-argent.fr\/index2.php\/wp-json\/wp\/v2\/media?parent=335"}],"wp:term":[{"taxonomy":"product_brand","embeddable":true,"href":"https:\/\/www.acheter-or-argent.fr\/index2.php\/wp-json\/wp\/v2\/product_brand?post=335"},{"taxonomy":"product_cat","embeddable":true,"href":"https:\/\/www.acheter-or-argent.fr\/index2.php\/wp-json\/wp\/v2\/product_cat?post=335"},{"taxonomy":"product_tag","embeddable":true,"href":"https:\/\/www.acheter-or-argent.fr\/index2.php\/wp-json\/wp\/v2\/product_tag?post=335"}],"curies":[{"name":"wp","href":"https:\/\/api.w.org\/{rel}","templated":true}]}}