	
	
{"id":3019,"date":"2024-09-30T15:42:55","date_gmt":"2024-09-30T13:42:55","guid":{"rendered":"https:\/\/www.acheter-or-argent.fr\/index2.php\/?post_type=product&#038;p=3019"},"modified":"2026-04-15T09:57:14","modified_gmt":"2026-04-15T07:57:14","slug":"1-oz-grogu-bebe-yoda-star-wars-2022","status":"publish","type":"product","link":"https:\/\/www.acheter-or-argent.fr\/index2.php\/produit\/1-oz-grogu-bebe-yoda-star-wars-2022\/","title":{"rendered":"1 oz grogu b\u00e9b\u00e9 yoda star wars 2022"},"content":{"rendered":"","protected":false},"excerpt":{"rendered":"<p>Cat\u00e9gorie : investissement<br \/>\n<span style=\"font-family: -apple-system, BlinkMacSystemFont, 'Segoe UI', Roboto, 'Helvetica Neue', Arial, 'Noto Sans', sans-serif, 'Apple Color Emoji', 'Segoe UI Emoji', 'Segoe UI Symbol', 'Noto Color Emoji';\">M\u00e9tal : argent<\/span><\/p>\n<p><strong>Pays : Niue<\/strong><br \/>\nAnn\u00e9e 2022<br \/>\n25 000 exexmplaires<\/p>\n<p><strong>Emetteur :\u00a0New Zealand Mint<\/strong><br \/>\nPoids brut : 31,10 g<br \/>\nPoids fin : 31,10 g<br \/>\nTitre : 999\/1000<br \/>\nDiam\u00e8tre : 39 mm<br \/>\n<span style=\"font-family: -apple-system, BlinkMacSystemFont, 'Segoe UI', Roboto, 'Helvetica Neue', Arial, 'Noto Sans', sans-serif, 'Apple Color Emoji', 'Segoe UI Emoji', 'Segoe UI Symbol', 'Noto Color Emoji';\">Effigie : grogu b\u00e9b\u00e9 yoda star wars<br \/>\n<\/span><span style=\"font-family: -apple-system, BlinkMacSystemFont, 'Segoe UI', Roboto, 'Helvetica Neue', Arial, 'Noto Sans', sans-serif, 'Apple Color Emoji', 'Segoe UI Emoji', 'Segoe UI Symbol', 'Noto Color Emoji';\">Valeur faciale : 2$ NZ<\/span><\/p>\n","protected":false},"featured_media":154966,"comment_status":"open","ping_status":"closed","template":"","meta":{"_seopress_robots_primary_cat":"none","_seopress_titles_title":"","_seopress_titles_desc":"","_seopress_robots_index":""},"product_brand":[],"product_cat":[188],"product_tag":[],"class_list":{"0":"post-3019","1":"product","2":"type-product","3":"status-publish","4":"has-post-thumbnail","6":"product_cat-niue","8":"first","9":"instock","10":"taxable","11":"shipping-taxable","12":"purchasable","13":"product-type-simple"},"_links":{"self":[{"href":"https:\/\/www.acheter-or-argent.fr\/index2.php\/wp-json\/wp\/v2\/product\/3019","targetHints":{"allow":["GET"]}}],"collection":[{"href":"https:\/\/www.acheter-or-argent.fr\/index2.php\/wp-json\/wp\/v2\/product"}],"about":[{"href":"https:\/\/www.acheter-or-argent.fr\/index2.php\/wp-json\/wp\/v2\/types\/product"}],"replies":[{"embeddable":true,"href":"https:\/\/www.acheter-or-argent.fr\/index2.php\/wp-json\/wp\/v2\/comments?post=3019"}],"wp:featuredmedia":[{"embeddable":true,"href":"https:\/\/www.acheter-or-argent.fr\/index2.php\/wp-json\/wp\/v2\/media\/154966"}],"wp:attachment":[{"href":"https:\/\/www.acheter-or-argent.fr\/index2.php\/wp-json\/wp\/v2\/media?parent=3019"}],"wp:term":[{"taxonomy":"product_brand","embeddable":true,"href":"https:\/\/www.acheter-or-argent.fr\/index2.php\/wp-json\/wp\/v2\/product_brand?post=3019"},{"taxonomy":"product_cat","embeddable":true,"href":"https:\/\/www.acheter-or-argent.fr\/index2.php\/wp-json\/wp\/v2\/product_cat?post=3019"},{"taxonomy":"product_tag","embeddable":true,"href":"https:\/\/www.acheter-or-argent.fr\/index2.php\/wp-json\/wp\/v2\/product_tag?post=3019"}],"curies":[{"name":"wp","href":"https:\/\/api.w.org\/{rel}","templated":true}]}}