	
	
{"id":27091,"date":"2025-01-17T12:22:33","date_gmt":"2025-01-17T11:22:33","guid":{"rendered":"https:\/\/www.acheter-or-argent.fr\/index2.php\/?post_type=product&#038;p=27091"},"modified":"2026-05-13T10:00:14","modified_gmt":"2026-05-13T08:00:14","slug":"5-roubles-nicolas-ii","status":"publish","type":"product","link":"https:\/\/www.acheter-or-argent.fr\/index2.php\/produit\/5-roubles-nicolas-ii\/","title":{"rendered":"5 roubles nicolas II"},"content":{"rendered":"","protected":false},"excerpt":{"rendered":"<p><strong>Cat\u00e9gorie : investissement<\/strong><\/p>\n<p>M\u00e9tal : or<\/p>\n<p><strong>Pays : Russie<br \/>\n<\/strong>Poids brut : 4,30 g<br \/>\nPoids fin : 3,87 g<br \/>\nTitre : 900\/1000<br \/>\nEffigie : Nicolas II<br \/>\nAnn\u00e9es 1897 \u00e0 1911<br \/>\nValeur faciale : 5 roubles<\/p>\n","protected":false},"featured_media":27092,"comment_status":"closed","ping_status":"closed","template":"","meta":{"_seopress_robots_primary_cat":"","_seopress_titles_title":"","_seopress_titles_desc":"","_seopress_robots_index":"","_seopress_analysis_target_kw":"20 francs Coq Marianne or,acheter pi\u00e8ce 20 francs Coq Marianne or,valeur 20 francs Coq Marianne,cours 20 francs Coq Marianne or,prix 20 francs Coq Marianne,investir 20 francs Coq Marianne or,vente 20 francs Coq Marianne or,20 francs Coq Marianne cotation,collection 20 francs Coq Marianne or,historique pi\u00e8ce 20 francs Coq Marianne or,raret\u00e9 pi\u00e8ce or 20 francs Coq Marianne,or d'investissement Coq Marianne,Achat pi\u00e8ce or Coq Marianne 20 francs en ligne,Monnaie en or Coq Marianne 20 francs,Collection pi\u00e8ce or Coq Marianne 20 francs,Vente pi\u00e8ce or Coq Marianne,Numismatique Coq Marianne,Pi\u00e8ce or 20 francs Marianne prix actuel,Pi\u00e8ce en or historique 20 francs Coq Marianne,Pi\u00e8ce de collection Coq Marianne"},"product_brand":[],"product_cat":[130],"product_tag":[],"class_list":{"0":"post-27091","1":"product","2":"type-product","3":"status-publish","4":"has-post-thumbnail","6":"product_cat-russie","8":"first","9":"instock","10":"taxable","11":"shipping-taxable","12":"purchasable","13":"product-type-simple"},"_links":{"self":[{"href":"https:\/\/www.acheter-or-argent.fr\/index2.php\/wp-json\/wp\/v2\/product\/27091","targetHints":{"allow":["GET"]}}],"collection":[{"href":"https:\/\/www.acheter-or-argent.fr\/index2.php\/wp-json\/wp\/v2\/product"}],"about":[{"href":"https:\/\/www.acheter-or-argent.fr\/index2.php\/wp-json\/wp\/v2\/types\/product"}],"replies":[{"embeddable":true,"href":"https:\/\/www.acheter-or-argent.fr\/index2.php\/wp-json\/wp\/v2\/comments?post=27091"}],"wp:featuredmedia":[{"embeddable":true,"href":"https:\/\/www.acheter-or-argent.fr\/index2.php\/wp-json\/wp\/v2\/media\/27092"}],"wp:attachment":[{"href":"https:\/\/www.acheter-or-argent.fr\/index2.php\/wp-json\/wp\/v2\/media?parent=27091"}],"wp:term":[{"taxonomy":"product_brand","embeddable":true,"href":"https:\/\/www.acheter-or-argent.fr\/index2.php\/wp-json\/wp\/v2\/product_brand?post=27091"},{"taxonomy":"product_cat","embeddable":true,"href":"https:\/\/www.acheter-or-argent.fr\/index2.php\/wp-json\/wp\/v2\/product_cat?post=27091"},{"taxonomy":"product_tag","embeddable":true,"href":"https:\/\/www.acheter-or-argent.fr\/index2.php\/wp-json\/wp\/v2\/product_tag?post=27091"}],"curies":[{"name":"wp","href":"https:\/\/api.w.org\/{rel}","templated":true}]}}