	
	
{"id":2682,"date":"2024-10-09T00:05:39","date_gmt":"2024-10-08T22:05:39","guid":{"rendered":"https:\/\/www.acheter-or-argent.fr\/index2.php\/?post_type=product&#038;p=2682"},"modified":"2026-05-14T19:24:12","modified_gmt":"2026-05-14T17:24:12","slug":"20-francs-or-napoleon-iii","status":"publish","type":"product","link":"https:\/\/www.acheter-or-argent.fr\/index2.php\/produit\/20-francs-or-napoleon-iii\/","title":{"rendered":"20 francs or napol\u00e9on III"},"content":{"rendered":"","protected":false},"excerpt":{"rendered":"<p><strong>Cat\u00e9gorie : investissement<\/strong><\/p>\n<p>M\u00e9tal : or<\/p>\n<p>Ann\u00e9es : 1852 \u00e0 1870<\/p>\n<p>Qualit\u00e9 boursable<\/p>\n<p><strong>Pays : France<\/strong><br \/>\nPoids brut : 6,45 g<br \/>\nPoids fin : 5,80 g<br \/>\nTitre : 900\/1000<br \/>\n\u00d8 : 21 mm<br \/>\nValeur faciale : 20 Francs<br \/>\nT\u00eate nue ou t\u00eate laur\u00e9e<\/p>\n<p>#savingsproducts<\/p>\n","protected":false},"featured_media":3895,"comment_status":"closed","ping_status":"closed","template":"","meta":{"_seopress_robots_primary_cat":"","_seopress_titles_title":"","_seopress_titles_desc":"","_seopress_robots_index":"","_seopress_analysis_target_kw":"acheter 20 francs Napol\u00e9on III or,cours 20 francs Napol\u00e9on III,valeur pi\u00e8ce or Napol\u00e9on III,investir 20 francs Napol\u00e9on III,prix pi\u00e8ce 20 francs Napol\u00e9on III,20 francs Napol\u00e9on III cotation,vente 20 francs Napol\u00e9on III or,pi\u00e8ce or Napol\u00e9on III t\u00eate laur\u00e9e,20 francs Napol\u00e9on III historique,pi\u00e8ce or Napol\u00e9on III authenticit\u00e9,or d'investissement Napol\u00e9on III,raret\u00e9 20 francs Napol\u00e9on III,collection Napol\u00e9on III 20 francs or,acheter pi\u00e8ce or Napol\u00e9on III en ligne,numismatique 20 francs Napol\u00e9on III or,Acheter une pi\u00e8ce de 20 Francs en or Napol\u00e9on III au meilleur prix,Investissement dans la pi\u00e8ce d\u2019or 20 Francs Napol\u00e9on III,Cotation et valeur actuelle de la pi\u00e8ce 20 Francs Napol\u00e9on III en or,Pi\u00e8ce rare 20 Francs Napol\u00e9on III pour collectionneurs,Prix et caract\u00e9ristiques de la pi\u00e8ce or 20 Francs Napol\u00e9on III"},"product_brand":[],"product_cat":[102],"product_tag":[253],"class_list":{"0":"post-2682","1":"product","2":"type-product","3":"status-publish","4":"has-post-thumbnail","6":"product_cat-france","7":"product_tag-top-vente","9":"first","10":"instock","11":"taxable","12":"shipping-taxable","13":"purchasable","14":"product-type-simple"},"_links":{"self":[{"href":"https:\/\/www.acheter-or-argent.fr\/index2.php\/wp-json\/wp\/v2\/product\/2682","targetHints":{"allow":["GET"]}}],"collection":[{"href":"https:\/\/www.acheter-or-argent.fr\/index2.php\/wp-json\/wp\/v2\/product"}],"about":[{"href":"https:\/\/www.acheter-or-argent.fr\/index2.php\/wp-json\/wp\/v2\/types\/product"}],"replies":[{"embeddable":true,"href":"https:\/\/www.acheter-or-argent.fr\/index2.php\/wp-json\/wp\/v2\/comments?post=2682"}],"wp:featuredmedia":[{"embeddable":true,"href":"https:\/\/www.acheter-or-argent.fr\/index2.php\/wp-json\/wp\/v2\/media\/3895"}],"wp:attachment":[{"href":"https:\/\/www.acheter-or-argent.fr\/index2.php\/wp-json\/wp\/v2\/media?parent=2682"}],"wp:term":[{"taxonomy":"product_brand","embeddable":true,"href":"https:\/\/www.acheter-or-argent.fr\/index2.php\/wp-json\/wp\/v2\/product_brand?post=2682"},{"taxonomy":"product_cat","embeddable":true,"href":"https:\/\/www.acheter-or-argent.fr\/index2.php\/wp-json\/wp\/v2\/product_cat?post=2682"},{"taxonomy":"product_tag","embeddable":true,"href":"https:\/\/www.acheter-or-argent.fr\/index2.php\/wp-json\/wp\/v2\/product_tag?post=2682"}],"curies":[{"name":"wp","href":"https:\/\/api.w.org\/{rel}","templated":true}]}}