	
	
{"id":2189,"date":"2024-09-29T20:16:23","date_gmt":"2024-09-29T18:16:23","guid":{"rendered":"https:\/\/www.acheter-or-argent.fr\/index2.php\/?post_type=product&#038;p=2189"},"modified":"2026-04-29T11:50:08","modified_gmt":"2026-04-29T09:50:08","slug":"lingot-or-5-g-argor-heraeus-suisse","status":"publish","type":"product","link":"https:\/\/www.acheter-or-argent.fr\/index2.php\/produit\/lingot-or-5-g-argor-heraeus-suisse\/","title":{"rendered":"Lingot or 5 g argor heraeus suisse"},"content":{"rendered":"","protected":false},"excerpt":{"rendered":"<p><strong>Cat\u00e9gorie : investissement<\/strong><\/p>\n<p>M\u00e9tal : or<\/p>\n<p>Format : Lingot<\/p>\n<p>Poids : 5 g<\/p>\n<p>Titre : 999,9\/1000<br \/>\nDimensions : 23 x 14 x 1 mm<\/p>\n<p>Marque : Argor Heraeus<br \/>\nPays : Suisse<\/p>\n<p><strong>Scell\u00e9 individuellement avec certificat et num\u00e9ro de s\u00e9rie unique<\/strong><\/p>\n<p>Certification LBMA<br \/>\nLondon Bullion Market Association<\/p>\n","protected":false},"featured_media":4878,"comment_status":"closed","ping_status":"closed","template":"","meta":{"_seopress_robots_primary_cat":"none","_seopress_titles_title":"","_seopress_titles_desc":"","_seopress_robots_index":""},"product_brand":[],"product_cat":[123],"product_tag":[258],"class_list":{"0":"post-2189","1":"product","2":"type-product","3":"status-publish","4":"has-post-thumbnail","6":"product_cat-25-lingot-dor-5g","7":"product_tag-lingots-dor","9":"first","10":"instock","11":"taxable","12":"shipping-taxable","13":"purchasable","14":"product-type-simple"},"_links":{"self":[{"href":"https:\/\/www.acheter-or-argent.fr\/index2.php\/wp-json\/wp\/v2\/product\/2189","targetHints":{"allow":["GET"]}}],"collection":[{"href":"https:\/\/www.acheter-or-argent.fr\/index2.php\/wp-json\/wp\/v2\/product"}],"about":[{"href":"https:\/\/www.acheter-or-argent.fr\/index2.php\/wp-json\/wp\/v2\/types\/product"}],"replies":[{"embeddable":true,"href":"https:\/\/www.acheter-or-argent.fr\/index2.php\/wp-json\/wp\/v2\/comments?post=2189"}],"wp:featuredmedia":[{"embeddable":true,"href":"https:\/\/www.acheter-or-argent.fr\/index2.php\/wp-json\/wp\/v2\/media\/4878"}],"wp:attachment":[{"href":"https:\/\/www.acheter-or-argent.fr\/index2.php\/wp-json\/wp\/v2\/media?parent=2189"}],"wp:term":[{"taxonomy":"product_brand","embeddable":true,"href":"https:\/\/www.acheter-or-argent.fr\/index2.php\/wp-json\/wp\/v2\/product_brand?post=2189"},{"taxonomy":"product_cat","embeddable":true,"href":"https:\/\/www.acheter-or-argent.fr\/index2.php\/wp-json\/wp\/v2\/product_cat?post=2189"},{"taxonomy":"product_tag","embeddable":true,"href":"https:\/\/www.acheter-or-argent.fr\/index2.php\/wp-json\/wp\/v2\/product_tag?post=2189"}],"curies":[{"name":"wp","href":"https:\/\/api.w.org\/{rel}","templated":true}]}}