	
	
{"id":160830,"date":"2026-05-13T16:00:33","date_gmt":"2026-05-13T14:00:33","guid":{"rendered":"https:\/\/www.acheter-or-argent.fr\/index2.php\/?post_type=product&#038;p=160830"},"modified":"2026-05-13T16:00:34","modified_gmt":"2026-05-13T14:00:34","slug":"5-francs-tete-dhelvetia-1892-berne-argent-1095","status":"publish","type":"product","link":"https:\/\/www.acheter-or-argent.fr\/index2.php\/produit\/5-francs-tete-dhelvetia-1892-berne-argent-1095\/","title":{"rendered":"5 francs t\u00eate d&rsquo;helvetia 1892 Berne argent #1095"},"content":{"rendered":"","protected":false},"excerpt":{"rendered":"<p data-start=\"120\" data-end=\"148\"><strong data-start=\"120\" data-end=\"135\">Cat\u00e9gorie :<\/strong>\u00a0Collection<\/p>\n<p data-start=\"150\" data-end=\"173\"><strong data-start=\"150\" data-end=\"160\">Pays :<\/strong> Suisse<\/p>\n<p data-start=\"175\" data-end=\"203\"><strong data-start=\"175\" data-end=\"188\">Atelier :<\/strong> Bern<\/p>\n<p data-start=\"205\" data-end=\"222\"><strong data-start=\"205\" data-end=\"215\">Date :<\/strong> 1892<\/p>\n<p data-start=\"205\" data-end=\"222\"><strong data-start=\"205\" data-end=\"215\">Tirage :<\/strong> 190 000 ex.<\/p>\n<p data-start=\"224\" data-end=\"350\"><strong data-start=\"224\" data-end=\"235\">M\u00e9tal :<\/strong> Argent<br data-start=\"242\" data-end=\"245\" \/><strong data-start=\"245\" data-end=\"256\">Poids :<\/strong> 24,78 Gr<br data-start=\"264\" data-end=\"267\" \/><strong data-start=\"267\" data-end=\"278\">Titre :<\/strong> 900 \u2030<br data-start=\"287\" data-end=\"290\" \/><strong data-start=\"290\" data-end=\"304\">Diam\u00e8tre :<\/strong> 37 mm<br data-start=\"312\" data-end=\"315\" \/><strong data-start=\"315\" data-end=\"335\">Valeur faciale :<\/strong> 5 Francs<\/p>\n<p data-start=\"352\" data-end=\"441\"><strong data-start=\"352\" data-end=\"363\">Avers :<\/strong><br data-start=\"363\" data-end=\"366\" \/>Description : Buste d&rsquo;Helvetia, le personnage all\u00e9gorique f\u00e9minin suisse, cheveux attach\u00e9s et portant une couronne de gentiane.<br data-start=\"384\" data-end=\"387\" \/>Inscription : CONFOEDERATIO HELVETICA \u1540 1892<\/p>\n<p data-start=\"443\" data-end=\"584\"><strong data-start=\"443\" data-end=\"455\">Revers :<\/strong><br data-start=\"455\" data-end=\"458\" \/>Description : Couronne form\u00e9e de deux branches de ch\u00eane et de laurier nou\u00e9es par un ruban, le blason suisse coupant la valeur, une \u00e9toile au dessus<br data-start=\"384\" data-end=\"387\" \/>Inscription : 5 F<\/p>\n<p data-start=\"586\" data-end=\"608\"><strong data-start=\"586\" data-end=\"599\">Tranche :<br data-start=\"455\" data-end=\"458\" \/><\/strong>Description : Lisse avec inscriptions en relief<br data-start=\"384\" data-end=\"387\" \/>Inscription : DOMINUS \u2605\u2605\u2605 | PROVIDEBIT | \u2605\u2605\u2605\u2605\u2605\u2605\u2605\u2605\u2605\u2605<\/p>\n<p data-start=\"610\" data-end=\"694\"><strong data-start=\"610\" data-end=\"623\">Qualit\u00e9 : <\/strong>TB<\/p>\n<p data-start=\"610\" data-end=\"694\"><strong>Commentaire<\/strong> : Coup sur la tranche \u00e0 6h \u00e0 l&rsquo;avers, sous le buste<\/p>\n<p data-start=\"696\" data-end=\"736\"><strong data-start=\"696\" data-end=\"710\">Remarque :<\/strong>\u00a0Photo contractuelle<\/p>\n","protected":false},"featured_media":160832,"comment_status":"closed","ping_status":"closed","template":"","meta":{"_seopress_robots_primary_cat":"","_seopress_titles_title":"","_seopress_titles_desc":"","_seopress_robots_index":"","_seopress_analysis_target_kw":""},"product_brand":[],"product_cat":[241],"product_tag":[255],"class_list":{"0":"post-160830","1":"product","2":"type-product","3":"status-publish","4":"has-post-thumbnail","6":"product_cat-suisse-pieces-dargent","7":"product_tag-pieces-rares","9":"first","10":"instock","11":"taxable","12":"shipping-taxable","13":"purchasable","14":"product-type-simple"},"_links":{"self":[{"href":"https:\/\/www.acheter-or-argent.fr\/index2.php\/wp-json\/wp\/v2\/product\/160830","targetHints":{"allow":["GET"]}}],"collection":[{"href":"https:\/\/www.acheter-or-argent.fr\/index2.php\/wp-json\/wp\/v2\/product"}],"about":[{"href":"https:\/\/www.acheter-or-argent.fr\/index2.php\/wp-json\/wp\/v2\/types\/product"}],"replies":[{"embeddable":true,"href":"https:\/\/www.acheter-or-argent.fr\/index2.php\/wp-json\/wp\/v2\/comments?post=160830"}],"wp:featuredmedia":[{"embeddable":true,"href":"https:\/\/www.acheter-or-argent.fr\/index2.php\/wp-json\/wp\/v2\/media\/160832"}],"wp:attachment":[{"href":"https:\/\/www.acheter-or-argent.fr\/index2.php\/wp-json\/wp\/v2\/media?parent=160830"}],"wp:term":[{"taxonomy":"product_brand","embeddable":true,"href":"https:\/\/www.acheter-or-argent.fr\/index2.php\/wp-json\/wp\/v2\/product_brand?post=160830"},{"taxonomy":"product_cat","embeddable":true,"href":"https:\/\/www.acheter-or-argent.fr\/index2.php\/wp-json\/wp\/v2\/product_cat?post=160830"},{"taxonomy":"product_tag","embeddable":true,"href":"https:\/\/www.acheter-or-argent.fr\/index2.php\/wp-json\/wp\/v2\/product_tag?post=160830"}],"curies":[{"name":"wp","href":"https:\/\/api.w.org\/{rel}","templated":true}]}}