	
	
{"id":159914,"date":"2026-05-07T10:35:35","date_gmt":"2026-05-07T08:35:35","guid":{"rendered":"https:\/\/www.acheter-or-argent.fr\/index2.php\/?post_type=product&#038;p=159914"},"modified":"2026-05-07T10:35:36","modified_gmt":"2026-05-07T08:35:36","slug":"5000-dinar-argent-mo%e1%ba%93affar-od-din-qajar-teheran-1091","status":"publish","type":"product","link":"https:\/\/www.acheter-or-argent.fr\/index2.php\/produit\/5000-dinar-argent-mo%e1%ba%93affar-od-din-qajar-teheran-1091\/","title":{"rendered":"5000 D\u012bn\u0101r Argent Mo\u1e93affar od-D\u012bn Q\u0101j\u0101r T\u00e9h\u00e9ran #1091"},"content":{"rendered":"","protected":false},"excerpt":{"rendered":"<p data-start=\"120\" data-end=\"148\"><strong data-start=\"120\" data-end=\"135\">Cat\u00e9gorie :<\/strong>\u00a0Collection<\/p>\n<p data-start=\"150\" data-end=\"173\"><strong data-start=\"150\" data-end=\"160\">Pays :<\/strong> Iran<\/p>\n<p data-start=\"175\" data-end=\"203\"><strong data-start=\"175\" data-end=\"188\">Atelier :<\/strong> Saint Petersburg<\/p>\n<p data-start=\"205\" data-end=\"222\"><strong data-start=\"205\" data-end=\"215\">Date :<\/strong> 1320 (1902)<\/p>\n<p data-start=\"205\" data-end=\"222\"><strong data-start=\"205\" data-end=\"215\">Tirage :<\/strong> 250\u202f000 ex.<\/p>\n<p data-start=\"224\" data-end=\"350\"><strong data-start=\"224\" data-end=\"235\">M\u00e9tal :<\/strong> Argent<br data-start=\"242\" data-end=\"245\" \/><strong data-start=\"245\" data-end=\"256\">Poids :<\/strong> 23,14 Gr<br data-start=\"264\" data-end=\"267\" \/><strong data-start=\"267\" data-end=\"278\">Titre :<\/strong> 900 \u2030<br data-start=\"287\" data-end=\"290\" \/><strong data-start=\"290\" data-end=\"304\">Diam\u00e8tre :<\/strong> 36 mm<br data-start=\"312\" data-end=\"315\" \/><strong data-start=\"315\" data-end=\"335\">Valeur faciale :<\/strong> 5 qiran \/ 5000 dinar<\/p>\n<p data-start=\"352\" data-end=\"441\"><strong data-start=\"352\" data-end=\"363\">Avers :<\/strong><br data-start=\"363\" data-end=\"366\" \/>Description : Lion et soleil (armoiries des Qajars) Ch\u00eane et feuilles d&rsquo;olivier<br data-start=\"384\" data-end=\"387\" \/>Inscription : \u067e\u0646\u062c\u0647\u0632\u0627\u0631 \u062f\u06cc\u0646\u0640\u0640\u0627\u0631 (cinq mille dinars)<\/p>\n<p data-start=\"443\" data-end=\"584\"><strong data-start=\"443\" data-end=\"455\">Revers :<\/strong><br data-start=\"455\" data-end=\"458\" \/>Description : Couronne Qajar (Kiani) Feuilles de ch\u00eane et d&rsquo;olivier L\u00e9gende (titre du roi Qajar) et date de frappe<br data-start=\"384\" data-end=\"387\" \/>Inscription : \u0627\u0644\u0633\u0651\u0644\u0637\u0627\u0646 \u0645\u0638\u0641\u0631\u0627\u0644\u062f\u06cc\u0646 \u0634\u0627\u0647 \u0642\u0627\u062c\u0627\u0631\u06f1\u06f3\u06f2\u06f0 (Le sultan Mozaffareddine Shah Qajar \u2014 1320)<\/p>\n<p data-start=\"586\" data-end=\"608\"><strong data-start=\"586\" data-end=\"599\">Tranche :<br data-start=\"455\" data-end=\"458\" \/><\/strong>Description : Cannel\u00e9e<\/p>\n<p data-start=\"610\" data-end=\"694\"><strong data-start=\"610\" data-end=\"623\">Qualit\u00e9 : <\/strong>TTB+<\/p>\n<p data-start=\"610\" data-end=\"694\"><strong>Commentaire<\/strong>\u00a0: Nombreuses rayures pr\u00e9sentes sur le flanc.<\/p>\n<p data-start=\"696\" data-end=\"736\"><strong data-start=\"696\" data-end=\"710\">Remarque :<\/strong>\u00a0Photo contractuelle<\/p>\n","protected":false},"featured_media":159915,"comment_status":"closed","ping_status":"closed","template":"","meta":{"_seopress_robots_primary_cat":"","_seopress_titles_title":"","_seopress_titles_desc":"","_seopress_robots_index":""},"product_brand":[],"product_cat":[285],"product_tag":[255],"class_list":{"0":"post-159914","1":"product","2":"type-product","3":"status-publish","4":"has-post-thumbnail","6":"product_cat-iran-pieces-dargent","7":"product_tag-pieces-rares","9":"first","10":"instock","11":"taxable","12":"shipping-taxable","13":"purchasable","14":"product-type-simple"},"_links":{"self":[{"href":"https:\/\/www.acheter-or-argent.fr\/index2.php\/wp-json\/wp\/v2\/product\/159914","targetHints":{"allow":["GET"]}}],"collection":[{"href":"https:\/\/www.acheter-or-argent.fr\/index2.php\/wp-json\/wp\/v2\/product"}],"about":[{"href":"https:\/\/www.acheter-or-argent.fr\/index2.php\/wp-json\/wp\/v2\/types\/product"}],"replies":[{"embeddable":true,"href":"https:\/\/www.acheter-or-argent.fr\/index2.php\/wp-json\/wp\/v2\/comments?post=159914"}],"wp:featuredmedia":[{"embeddable":true,"href":"https:\/\/www.acheter-or-argent.fr\/index2.php\/wp-json\/wp\/v2\/media\/159915"}],"wp:attachment":[{"href":"https:\/\/www.acheter-or-argent.fr\/index2.php\/wp-json\/wp\/v2\/media?parent=159914"}],"wp:term":[{"taxonomy":"product_brand","embeddable":true,"href":"https:\/\/www.acheter-or-argent.fr\/index2.php\/wp-json\/wp\/v2\/product_brand?post=159914"},{"taxonomy":"product_cat","embeddable":true,"href":"https:\/\/www.acheter-or-argent.fr\/index2.php\/wp-json\/wp\/v2\/product_cat?post=159914"},{"taxonomy":"product_tag","embeddable":true,"href":"https:\/\/www.acheter-or-argent.fr\/index2.php\/wp-json\/wp\/v2\/product_tag?post=159914"}],"curies":[{"name":"wp","href":"https:\/\/api.w.org\/{rel}","templated":true}]}}