	
	
{"id":159658,"date":"2026-05-07T10:37:55","date_gmt":"2026-05-07T08:37:55","guid":{"rendered":"https:\/\/www.acheter-or-argent.fr\/index2.php\/?post_type=product&#038;p=159658"},"modified":"2026-05-07T12:04:04","modified_gmt":"2026-05-07T10:04:04","slug":"monaco-2-euros-mariage-princier-1100","status":"publish","type":"product","link":"https:\/\/www.acheter-or-argent.fr\/index2.php\/produit\/monaco-2-euros-mariage-princier-1100\/","title":{"rendered":"Monaco 2 Euros  Mariage princier #1100"},"content":{"rendered":"","protected":false},"excerpt":{"rendered":"<p data-start=\"120\" data-end=\"148\"><strong data-start=\"120\" data-end=\"135\">Cat\u00e9gorie :<\/strong>\u00a0Collection<\/p>\n<p data-start=\"150\" data-end=\"173\"><strong data-start=\"150\" data-end=\"160\">Pays :<\/strong> Monaco<\/p>\n<p data-start=\"175\" data-end=\"203\"><strong data-start=\"175\" data-end=\"188\">Atelier :<\/strong> Paris<\/p>\n<p data-start=\"205\" data-end=\"222\"><strong data-start=\"205\" data-end=\"215\">Date :<\/strong> 2011<\/p>\n<p data-start=\"224\" data-end=\"350\"><strong data-start=\"224\" data-end=\"235\">M\u00e9tal :<\/strong> Bim\u00e9tallique (centre en\u00a0nickel\u00a0recouvert de\u00a0laiton de nickel\u00a0et anneau en\u00a0cupronickel)<br data-start=\"242\" data-end=\"245\" \/><strong data-start=\"245\" data-end=\"256\">Poids :<\/strong> 8,5 Gr<br data-start=\"287\" data-end=\"290\" \/><strong data-start=\"290\" data-end=\"304\">Diam\u00e8tre :<\/strong> 22,75 mm<br data-start=\"312\" data-end=\"315\" \/><strong data-start=\"315\" data-end=\"335\">Valeur faciale :<\/strong> 2 Euros<\/p>\n<p data-start=\"352\" data-end=\"441\"><strong data-start=\"352\" data-end=\"363\">Avers :<\/strong><br data-start=\"363\" data-end=\"366\" \/>Description : Effigies de son altesse Albert II de Monaco et de Charl\u00e8ne Wittstock. En dessous figure la marque d&rsquo;atelier, le nom du pays \u00ab\u00a0MONACO\u00a0\u00bb, le mill\u00e9sime \u00ab\u00a02011\u00a0\u00bb et la marque du graveur.<br data-start=\"384\" data-end=\"387\" \/>Inscription : MONACO 2011<\/p>\n<p data-start=\"443\" data-end=\"584\"><strong data-start=\"443\" data-end=\"455\">Revers :<\/strong><br data-start=\"455\" data-end=\"458\" \/>Description : Carte du contient europ\u00e9en est repr\u00e9sent\u00e9e sur une toile dynamique compos\u00e9e des douze \u00e9toiles de l&rsquo;Union europ\u00e9enne.<br data-start=\"384\" data-end=\"387\" \/>Inscription : 2 EURO<\/p>\n<p data-start=\"586\" data-end=\"608\"><strong data-start=\"586\" data-end=\"599\">Tranche :<br data-start=\"455\" data-end=\"458\" \/><\/strong>Description : Cannelures fines et inscriptions\u00a0<br data-start=\"384\" data-end=\"387\" \/>Inscription : 2 ** 2 ** 2 ** 2 ** 2 ** 2 **<\/p>\n<p data-start=\"610\" data-end=\"694\"><strong data-start=\"610\" data-end=\"623\">Qualit\u00e9 : <\/strong>BU<\/p>\n<p data-start=\"610\" data-end=\"694\"><strong>Commentaire<\/strong> : Conditionnement sous capsule, avec certificat num\u00e9rot\u00e9, l&rsquo;\u00e9crin original &amp; la surboite originale<\/p>\n<p data-start=\"696\" data-end=\"736\"><strong data-start=\"696\" data-end=\"710\">Remarque :<\/strong> Photo non contractuelle<\/p>\n","protected":false},"featured_media":159659,"comment_status":"closed","ping_status":"closed","template":"","meta":{"_seopress_robots_primary_cat":"","_seopress_titles_title":"","_seopress_titles_desc":"","_seopress_robots_index":""},"product_brand":[],"product_cat":[283,284],"product_tag":[255],"class_list":{"0":"post-159658","1":"product","2":"type-product","3":"status-publish","4":"has-post-thumbnail","6":"product_cat-2-euros","7":"product_cat-monaco-2-euros","8":"product_tag-pieces-rares","10":"first","11":"instock","12":"taxable","13":"shipping-taxable","14":"purchasable","15":"product-type-simple"},"_links":{"self":[{"href":"https:\/\/www.acheter-or-argent.fr\/index2.php\/wp-json\/wp\/v2\/product\/159658","targetHints":{"allow":["GET"]}}],"collection":[{"href":"https:\/\/www.acheter-or-argent.fr\/index2.php\/wp-json\/wp\/v2\/product"}],"about":[{"href":"https:\/\/www.acheter-or-argent.fr\/index2.php\/wp-json\/wp\/v2\/types\/product"}],"replies":[{"embeddable":true,"href":"https:\/\/www.acheter-or-argent.fr\/index2.php\/wp-json\/wp\/v2\/comments?post=159658"}],"wp:featuredmedia":[{"embeddable":true,"href":"https:\/\/www.acheter-or-argent.fr\/index2.php\/wp-json\/wp\/v2\/media\/159659"}],"wp:attachment":[{"href":"https:\/\/www.acheter-or-argent.fr\/index2.php\/wp-json\/wp\/v2\/media?parent=159658"}],"wp:term":[{"taxonomy":"product_brand","embeddable":true,"href":"https:\/\/www.acheter-or-argent.fr\/index2.php\/wp-json\/wp\/v2\/product_brand?post=159658"},{"taxonomy":"product_cat","embeddable":true,"href":"https:\/\/www.acheter-or-argent.fr\/index2.php\/wp-json\/wp\/v2\/product_cat?post=159658"},{"taxonomy":"product_tag","embeddable":true,"href":"https:\/\/www.acheter-or-argent.fr\/index2.php\/wp-json\/wp\/v2\/product_tag?post=159658"}],"curies":[{"name":"wp","href":"https:\/\/api.w.org\/{rel}","templated":true}]}}