	
	
{"id":158038,"date":"2026-04-30T08:18:45","date_gmt":"2026-04-30T06:18:45","guid":{"rendered":"https:\/\/www.acheter-or-argent.fr\/index2.php\/?post_type=product&#038;p=158038"},"modified":"2026-04-30T08:18:46","modified_gmt":"2026-04-30T06:18:46","slug":"20-francs-louis-xviii-1814-bordeaux-1055","status":"publish","type":"product","link":"https:\/\/www.acheter-or-argent.fr\/index2.php\/produit\/20-francs-louis-xviii-1814-bordeaux-1055\/","title":{"rendered":"20 Francs Louis XVIII 1814 Bordeaux #1055"},"content":{"rendered":"","protected":false},"excerpt":{"rendered":"<p data-start=\"120\" data-end=\"148\"><strong data-start=\"120\" data-end=\"135\">Cat\u00e9gorie :<\/strong>\u00a0Collection<\/p>\n<p data-start=\"150\" data-end=\"173\"><strong data-start=\"150\" data-end=\"160\">Pays :<\/strong> France<\/p>\n<p data-start=\"175\" data-end=\"203\"><strong data-start=\"175\" data-end=\"188\">Atelier :<\/strong> Bordeaux (K)<\/p>\n<p data-start=\"205\" data-end=\"222\"><strong data-start=\"205\" data-end=\"215\">Date :<\/strong> 1814<\/p>\n<p data-start=\"224\" data-end=\"350\"><strong data-start=\"224\" data-end=\"235\">M\u00e9tal :<\/strong> Or<br data-start=\"242\" data-end=\"245\" \/><strong data-start=\"245\" data-end=\"256\">Poids : <\/strong>6,41 Gr<br data-start=\"264\" data-end=\"267\" \/><strong data-start=\"267\" data-end=\"278\">Titre :<\/strong> 900 \u2030<br data-start=\"287\" data-end=\"290\" \/><strong data-start=\"290\" data-end=\"304\">Diam\u00e8tre :<\/strong> 21 mm<br data-start=\"312\" data-end=\"315\" \/><strong data-start=\"315\" data-end=\"335\">Valeur faciale :<\/strong> 20 Francs<\/p>\n<p data-start=\"352\" data-end=\"441\"><strong data-start=\"352\" data-end=\"363\">Avers :<\/strong><br data-start=\"363\" data-end=\"366\" \/>Description : Buste t\u00eate nue de Louis XVIII \u00e0 droite, habill\u00e9 avec le grand cordon de l&rsquo;Ordre du Saint-Esprit.<br data-start=\"384\" data-end=\"387\" \/>Inscription : LOUIS XVIII ROI DE FRANCE<\/p>\n<p data-start=\"443\" data-end=\"584\"><strong data-start=\"443\" data-end=\"455\">Revers :<\/strong><br data-start=\"455\" data-end=\"458\" \/>Description : Ecu de France surmont\u00e9 d&rsquo;une couronne, 2 branches d&rsquo;olivier nou\u00e9es \u00e0 la base<br data-start=\"384\" data-end=\"387\" \/>Inscription : PIECE DE 20 FRANCS 1814 K<\/p>\n<p data-start=\"586\" data-end=\"608\"><strong data-start=\"586\" data-end=\"599\">Tranche :<br data-start=\"455\" data-end=\"458\" \/><\/strong>Description : Lisse inscrite\u00a0en creux<br data-start=\"384\" data-end=\"387\" \/>Inscription : DOMINE SALVUM FAC REGEM<\/p>\n<p data-start=\"610\" data-end=\"694\"><strong data-start=\"610\" data-end=\"623\">Qualit\u00e9 : <\/strong>TTB<\/p>\n<p data-start=\"610\" data-end=\"694\"><strong>Commentaire<\/strong> : Buste habill\u00e9 \/\/ 4 Long \/\/ Belle patine au Revers \/\/ Entaille sur buste \u00e0 6H<\/p>\n<p data-start=\"696\" data-end=\"736\"><strong data-start=\"696\" data-end=\"710\">Remarque :<\/strong>\u00a0Photo contractuelle<\/p>\n","protected":false},"featured_media":158041,"comment_status":"closed","ping_status":"closed","template":"","meta":{"_seopress_robots_primary_cat":"none","_seopress_titles_title":"","_seopress_titles_desc":"","_seopress_robots_index":""},"product_brand":[],"product_cat":[102],"product_tag":[255],"class_list":{"0":"post-158038","1":"product","2":"type-product","3":"status-publish","4":"has-post-thumbnail","6":"product_cat-france","7":"product_tag-pieces-rares","9":"first","10":"instock","11":"taxable","12":"shipping-taxable","13":"purchasable","14":"product-type-simple"},"_links":{"self":[{"href":"https:\/\/www.acheter-or-argent.fr\/index2.php\/wp-json\/wp\/v2\/product\/158038","targetHints":{"allow":["GET"]}}],"collection":[{"href":"https:\/\/www.acheter-or-argent.fr\/index2.php\/wp-json\/wp\/v2\/product"}],"about":[{"href":"https:\/\/www.acheter-or-argent.fr\/index2.php\/wp-json\/wp\/v2\/types\/product"}],"replies":[{"embeddable":true,"href":"https:\/\/www.acheter-or-argent.fr\/index2.php\/wp-json\/wp\/v2\/comments?post=158038"}],"wp:featuredmedia":[{"embeddable":true,"href":"https:\/\/www.acheter-or-argent.fr\/index2.php\/wp-json\/wp\/v2\/media\/158041"}],"wp:attachment":[{"href":"https:\/\/www.acheter-or-argent.fr\/index2.php\/wp-json\/wp\/v2\/media?parent=158038"}],"wp:term":[{"taxonomy":"product_brand","embeddable":true,"href":"https:\/\/www.acheter-or-argent.fr\/index2.php\/wp-json\/wp\/v2\/product_brand?post=158038"},{"taxonomy":"product_cat","embeddable":true,"href":"https:\/\/www.acheter-or-argent.fr\/index2.php\/wp-json\/wp\/v2\/product_cat?post=158038"},{"taxonomy":"product_tag","embeddable":true,"href":"https:\/\/www.acheter-or-argent.fr\/index2.php\/wp-json\/wp\/v2\/product_tag?post=158038"}],"curies":[{"name":"wp","href":"https:\/\/api.w.org\/{rel}","templated":true}]}}