	
	
{"id":158009,"date":"2026-04-30T08:18:36","date_gmt":"2026-04-30T06:18:36","guid":{"rendered":"https:\/\/www.acheter-or-argent.fr\/index2.php\/?post_type=product&#038;p=158009"},"modified":"2026-04-30T08:18:36","modified_gmt":"2026-04-30T06:18:36","slug":"20-francs-napoleon-empereur-1811-turin-1047","status":"publish","type":"product","link":"https:\/\/www.acheter-or-argent.fr\/index2.php\/produit\/20-francs-napoleon-empereur-1811-turin-1047\/","title":{"rendered":"20 Francs Napoleon Empereur 1811 Turin #1047"},"content":{"rendered":"","protected":false},"excerpt":{"rendered":"<p data-start=\"120\" data-end=\"148\"><strong data-start=\"120\" data-end=\"135\">Cat\u00e9gorie :<\/strong>\u00a0Collection<\/p>\n<p data-start=\"150\" data-end=\"173\"><strong data-start=\"150\" data-end=\"160\">Pays :<\/strong> France<\/p>\n<p data-start=\"175\" data-end=\"203\"><strong data-start=\"175\" data-end=\"188\">Atelier :<\/strong> Turin (U)<\/p>\n<p data-start=\"205\" data-end=\"222\"><strong data-start=\"205\" data-end=\"215\">Date :<\/strong> 1811<\/p>\n<p data-start=\"224\" data-end=\"350\"><strong data-start=\"224\" data-end=\"235\">M\u00e9tal :<\/strong> Or<br data-start=\"242\" data-end=\"245\" \/><strong data-start=\"245\" data-end=\"256\">Poids : <\/strong>6,42\u00a0Gr<br data-start=\"264\" data-end=\"267\" \/><strong data-start=\"267\" data-end=\"278\">Titre :<\/strong> 900 \u2030<br data-start=\"287\" data-end=\"290\" \/><strong data-start=\"290\" data-end=\"304\">Diam\u00e8tre :<\/strong> 21 mm<br data-start=\"312\" data-end=\"315\" \/><strong data-start=\"315\" data-end=\"335\">Valeur faciale :<\/strong> 20 Francs<\/p>\n<p data-start=\"352\" data-end=\"441\"><strong data-start=\"352\" data-end=\"363\">Avers :<\/strong><br data-start=\"363\" data-end=\"366\" \/>Description : Buste t\u00eate laur\u00e9e de Napol\u00e9on Ier<br data-start=\"384\" data-end=\"387\" \/>Inscription : NAPOLEON EMPEREUR.<\/p>\n<p data-start=\"443\" data-end=\"584\"><strong data-start=\"443\" data-end=\"455\">Revers :<\/strong><br data-start=\"455\" data-end=\"458\" \/>Description : Couronne form\u00e9e de deux branches de laurier.<br data-start=\"384\" data-end=\"387\" \/>Inscription : EMPIRE FRANCAIS. 20 FRANCS. 1809. A<\/p>\n<p data-start=\"586\" data-end=\"608\"><strong data-start=\"586\" data-end=\"599\">Tranche :<br data-start=\"455\" data-end=\"458\" \/><\/strong>Description : Inscrite en creux<br data-start=\"384\" data-end=\"387\" \/>Inscription : * DIEU PROTEGE LA FRANCE<\/p>\n<p data-start=\"610\" data-end=\"694\"><strong data-start=\"610\" data-end=\"623\">Qualit\u00e9 : <\/strong>TTB<\/p>\n<p data-start=\"610\" data-end=\"694\"><strong>Commentaire<\/strong> : T\u00eate laur\u00e9e, empire fran\u00e7ais (Italie), Diff\u00e9rent Coeur<\/p>\n<p data-start=\"696\" data-end=\"736\"><strong data-start=\"696\" data-end=\"710\">Remarque :<\/strong>\u00a0Photo contractuelle<\/p>\n","protected":false},"featured_media":158012,"comment_status":"closed","ping_status":"closed","template":"","meta":{"_seopress_robots_primary_cat":"none","_seopress_titles_title":"","_seopress_titles_desc":"","_seopress_robots_index":""},"product_brand":[],"product_cat":[102],"product_tag":[255],"class_list":{"0":"post-158009","1":"product","2":"type-product","3":"status-publish","4":"has-post-thumbnail","6":"product_cat-france","7":"product_tag-pieces-rares","9":"first","10":"instock","11":"taxable","12":"shipping-taxable","13":"purchasable","14":"product-type-simple"},"_links":{"self":[{"href":"https:\/\/www.acheter-or-argent.fr\/index2.php\/wp-json\/wp\/v2\/product\/158009","targetHints":{"allow":["GET"]}}],"collection":[{"href":"https:\/\/www.acheter-or-argent.fr\/index2.php\/wp-json\/wp\/v2\/product"}],"about":[{"href":"https:\/\/www.acheter-or-argent.fr\/index2.php\/wp-json\/wp\/v2\/types\/product"}],"replies":[{"embeddable":true,"href":"https:\/\/www.acheter-or-argent.fr\/index2.php\/wp-json\/wp\/v2\/comments?post=158009"}],"wp:featuredmedia":[{"embeddable":true,"href":"https:\/\/www.acheter-or-argent.fr\/index2.php\/wp-json\/wp\/v2\/media\/158012"}],"wp:attachment":[{"href":"https:\/\/www.acheter-or-argent.fr\/index2.php\/wp-json\/wp\/v2\/media?parent=158009"}],"wp:term":[{"taxonomy":"product_brand","embeddable":true,"href":"https:\/\/www.acheter-or-argent.fr\/index2.php\/wp-json\/wp\/v2\/product_brand?post=158009"},{"taxonomy":"product_cat","embeddable":true,"href":"https:\/\/www.acheter-or-argent.fr\/index2.php\/wp-json\/wp\/v2\/product_cat?post=158009"},{"taxonomy":"product_tag","embeddable":true,"href":"https:\/\/www.acheter-or-argent.fr\/index2.php\/wp-json\/wp\/v2\/product_tag?post=158009"}],"curies":[{"name":"wp","href":"https:\/\/api.w.org\/{rel}","templated":true}]}}