	
	
{"id":157644,"date":"2026-04-28T15:29:58","date_gmt":"2026-04-28T13:29:58","guid":{"rendered":"https:\/\/www.acheter-or-argent.fr\/index2.php\/?post_type=product&#038;p=157644"},"modified":"2026-05-01T22:32:53","modified_gmt":"2026-05-01T20:32:53","slug":"1-oz-chaac-mool-1994","status":"publish","type":"product","link":"https:\/\/www.acheter-or-argent.fr\/index2.php\/produit\/1-oz-chaac-mool-1994\/","title":{"rendered":"1 oz chaac-mool 1994"},"content":{"rendered":"","protected":false},"excerpt":{"rendered":"<p><strong>Cat\u00e9gorie : investissement<\/strong><\/p>\n<p>M\u00e9tal : argent<br \/>\n<strong><br \/>\n<\/strong>Ann\u00e9e 1994<br \/>\n50 000 exemplaires<br \/>\n<strong>Pays : Mexique<\/strong><br \/>\n<strong>Emetteur : Banco de Mexico<\/strong><br \/>\nPoids brut : 31,10 g<br \/>\nPoids fin : 31,10 g<br \/>\nTitre : 999\/1000<br \/>\nDiam\u00e8tre : 40 mm<br \/>\nValeur faciale : 5 pesos<br \/>\nAvers : Armoiries nationales, aigle \u00e0 gauche entour\u00e9 d&rsquo;un bouclier \u00e0 six c\u00f4t\u00e9s et d&rsquo;une bordure dessin\u00e9e<br \/>\nRevers : personnage couch\u00e9 entour\u00e9 d&rsquo;un \u00e9cu \u00e0 six c\u00f4t\u00e9s et d&rsquo;une bordure dessin\u00e9e<\/p>\n","protected":false},"featured_media":157648,"comment_status":"open","ping_status":"closed","template":"","meta":{"_seopress_robots_primary_cat":"none","_seopress_titles_title":"","_seopress_titles_desc":"","_seopress_robots_index":""},"product_brand":[],"product_cat":[217],"product_tag":[],"class_list":{"0":"post-157644","1":"product","2":"type-product","3":"status-publish","4":"has-post-thumbnail","6":"product_cat-mexique-pieces-dargent","8":"first","9":"outofstock","10":"taxable","11":"shipping-taxable","12":"purchasable","13":"product-type-simple"},"_links":{"self":[{"href":"https:\/\/www.acheter-or-argent.fr\/index2.php\/wp-json\/wp\/v2\/product\/157644","targetHints":{"allow":["GET"]}}],"collection":[{"href":"https:\/\/www.acheter-or-argent.fr\/index2.php\/wp-json\/wp\/v2\/product"}],"about":[{"href":"https:\/\/www.acheter-or-argent.fr\/index2.php\/wp-json\/wp\/v2\/types\/product"}],"replies":[{"embeddable":true,"href":"https:\/\/www.acheter-or-argent.fr\/index2.php\/wp-json\/wp\/v2\/comments?post=157644"}],"wp:featuredmedia":[{"embeddable":true,"href":"https:\/\/www.acheter-or-argent.fr\/index2.php\/wp-json\/wp\/v2\/media\/157648"}],"wp:attachment":[{"href":"https:\/\/www.acheter-or-argent.fr\/index2.php\/wp-json\/wp\/v2\/media?parent=157644"}],"wp:term":[{"taxonomy":"product_brand","embeddable":true,"href":"https:\/\/www.acheter-or-argent.fr\/index2.php\/wp-json\/wp\/v2\/product_brand?post=157644"},{"taxonomy":"product_cat","embeddable":true,"href":"https:\/\/www.acheter-or-argent.fr\/index2.php\/wp-json\/wp\/v2\/product_cat?post=157644"},{"taxonomy":"product_tag","embeddable":true,"href":"https:\/\/www.acheter-or-argent.fr\/index2.php\/wp-json\/wp\/v2\/product_tag?post=157644"}],"curies":[{"name":"wp","href":"https:\/\/api.w.org\/{rel}","templated":true}]}}