	
	
{"id":156470,"date":"2026-04-28T12:52:00","date_gmt":"2026-04-28T10:52:00","guid":{"rendered":"https:\/\/www.acheter-or-argent.fr\/index2.php\/?post_type=product&#038;p=156470"},"modified":"2026-04-30T08:33:40","modified_gmt":"2026-04-30T06:33:40","slug":"peso-condor","status":"publish","type":"product","link":"https:\/\/www.acheter-or-argent.fr\/index2.php\/produit\/peso-condor\/","title":{"rendered":"Peso Condor 1882 Santiago #1010"},"content":{"rendered":"","protected":false},"excerpt":{"rendered":"<p data-start=\"120\" data-end=\"148\"><strong data-start=\"120\" data-end=\"135\">Cat\u00e9gorie :<\/strong>\u00a0Collection<\/p>\n<p data-start=\"150\" data-end=\"173\"><strong data-start=\"150\" data-end=\"160\">Pays :<\/strong> Chili<\/p>\n<p data-start=\"175\" data-end=\"203\"><strong data-start=\"175\" data-end=\"188\">Atelier :<\/strong> Santiago (So)<\/p>\n<p data-start=\"205\" data-end=\"222\"><strong data-start=\"205\" data-end=\"215\">Date :<\/strong> 1882<\/p>\n<p data-start=\"224\" data-end=\"350\"><strong data-start=\"224\" data-end=\"235\">M\u00e9tal :<\/strong> Argent<br data-start=\"242\" data-end=\"245\" \/><strong data-start=\"245\" data-end=\"256\">Poids :<\/strong> 24,94 Gr<br data-start=\"264\" data-end=\"267\" \/><strong data-start=\"267\" data-end=\"278\">Titre :<\/strong> 900\u2030<br data-start=\"287\" data-end=\"290\" \/><strong data-start=\"290\" data-end=\"304\">Diam\u00e8tre : <\/strong>37 mm<br data-start=\"312\" data-end=\"315\" \/><strong data-start=\"315\" data-end=\"335\">Valeur faciale :<\/strong> 1 Peso<\/p>\n<p data-start=\"352\" data-end=\"441\"><strong data-start=\"352\" data-end=\"363\">Avers :<\/strong><br data-start=\"363\" data-end=\"366\" \/>Description : Armoiries du Chili (\u00e9cu avec une \u00e9toile au centre, surmont\u00e9 de trois plumes d&rsquo;autruche) dans une couronne de laurier.<br data-start=\"384\" data-end=\"387\" \/>Inscription : REPUBLICA DE CHILE So UN PESO<\/p>\n<p data-start=\"443\" data-end=\"584\"><strong data-start=\"443\" data-end=\"455\">Revers :<\/strong><br data-start=\"455\" data-end=\"458\" \/>Description : Un condor (symbole du Chili) ailes d\u00e9ploy\u00e9es, tenant un \u00e9cu dans sa griffe droite et un reste de chaine dans le bec, l\u2019autre bout est a la patte gauche.<br data-start=\"384\" data-end=\"387\" \/>Inscription : POR LA RAZON O LA FUERZA * 1882 *<\/p>\n<p data-start=\"586\" data-end=\"608\"><strong data-start=\"586\" data-end=\"599\">Tranche :<br data-start=\"455\" data-end=\"458\" \/>Description : <\/strong>Stri\u00e9e<strong data-start=\"586\" data-end=\"599\"><br \/>\n<\/strong><\/p>\n<p data-start=\"610\" data-end=\"694\"><strong data-start=\"610\" data-end=\"623\">Qualit\u00e9 : <\/strong>TTB<\/p>\n<p data-start=\"696\" data-end=\"736\"><strong data-start=\"696\" data-end=\"710\">Remarque :<\/strong>\u00a0Photo contractuelle<\/p>\n","protected":false},"featured_media":156473,"comment_status":"closed","ping_status":"closed","template":"","meta":{"_seopress_robots_primary_cat":"none","_seopress_titles_title":"","_seopress_titles_desc":"Cat\u00e9gorie :\u00a0Collection Pays : Chili Atelier : Santiago Date : 1882 M\u00e9tal : Argent Poids : 24,94\r\nTitre : 900\u2030 Diam\u00e8tre : 37 mm Valeur faciale : 1 Peso","_seopress_robots_index":""},"product_brand":[],"product_cat":[146],"product_tag":[255],"class_list":{"0":"post-156470","1":"product","2":"type-product","3":"status-publish","4":"has-post-thumbnail","6":"product_cat-chili","7":"product_tag-pieces-rares","9":"first","10":"instock","11":"taxable","12":"shipping-taxable","13":"purchasable","14":"product-type-simple"},"_links":{"self":[{"href":"https:\/\/www.acheter-or-argent.fr\/index2.php\/wp-json\/wp\/v2\/product\/156470","targetHints":{"allow":["GET"]}}],"collection":[{"href":"https:\/\/www.acheter-or-argent.fr\/index2.php\/wp-json\/wp\/v2\/product"}],"about":[{"href":"https:\/\/www.acheter-or-argent.fr\/index2.php\/wp-json\/wp\/v2\/types\/product"}],"replies":[{"embeddable":true,"href":"https:\/\/www.acheter-or-argent.fr\/index2.php\/wp-json\/wp\/v2\/comments?post=156470"}],"wp:featuredmedia":[{"embeddable":true,"href":"https:\/\/www.acheter-or-argent.fr\/index2.php\/wp-json\/wp\/v2\/media\/156473"}],"wp:attachment":[{"href":"https:\/\/www.acheter-or-argent.fr\/index2.php\/wp-json\/wp\/v2\/media?parent=156470"}],"wp:term":[{"taxonomy":"product_brand","embeddable":true,"href":"https:\/\/www.acheter-or-argent.fr\/index2.php\/wp-json\/wp\/v2\/product_brand?post=156470"},{"taxonomy":"product_cat","embeddable":true,"href":"https:\/\/www.acheter-or-argent.fr\/index2.php\/wp-json\/wp\/v2\/product_cat?post=156470"},{"taxonomy":"product_tag","embeddable":true,"href":"https:\/\/www.acheter-or-argent.fr\/index2.php\/wp-json\/wp\/v2\/product_tag?post=156470"}],"curies":[{"name":"wp","href":"https:\/\/api.w.org\/{rel}","templated":true}]}}