	
	
{"id":156165,"date":"2026-04-21T14:14:17","date_gmt":"2026-04-21T12:14:17","guid":{"rendered":"https:\/\/www.acheter-or-argent.fr\/index2.php\/?post_type=product&#038;p=156165"},"modified":"2026-04-21T14:15:52","modified_gmt":"2026-04-21T12:15:52","slug":"1-10-oz-elephant-2026","status":"publish","type":"product","link":"https:\/\/www.acheter-or-argent.fr\/index2.php\/produit\/1-10-oz-elephant-2026\/","title":{"rendered":"1\/10 oz \u00e9l\u00e9phant 2026"},"content":{"rendered":"","protected":false},"excerpt":{"rendered":"<p><strong>Cat\u00e9gorie : investissement<\/strong><\/p>\n<p>M\u00e9tal : or<br \/>\nAnn\u00e9e 2026<\/p>\n<p><strong>Pays : Somalie<\/strong><br \/>\nPoids brut : 3,11 g<br \/>\nPoids fin : 3,11 g<br \/>\nTitre : 999,9\/1000<br \/>\n\u00d8 : 20 mm<br \/>\nValeur faciale : 100 Shillings<br \/>\nEffigie : \u00e9l\u00e9phant Africain (s\u00e9rie)<br \/>\nSous capsule plastique<\/p>\n","protected":false},"featured_media":156097,"comment_status":"open","ping_status":"closed","template":"","meta":{"_seopress_robots_primary_cat":"none","_seopress_titles_title":"","_seopress_titles_desc":"","_seopress_robots_index":""},"product_brand":[],"product_cat":[154],"product_tag":[],"class_list":{"0":"post-156165","1":"product","2":"type-product","3":"status-publish","4":"has-post-thumbnail","6":"product_cat-somalie","8":"first","9":"instock","10":"taxable","11":"shipping-taxable","12":"purchasable","13":"product-type-simple"},"_links":{"self":[{"href":"https:\/\/www.acheter-or-argent.fr\/index2.php\/wp-json\/wp\/v2\/product\/156165","targetHints":{"allow":["GET"]}}],"collection":[{"href":"https:\/\/www.acheter-or-argent.fr\/index2.php\/wp-json\/wp\/v2\/product"}],"about":[{"href":"https:\/\/www.acheter-or-argent.fr\/index2.php\/wp-json\/wp\/v2\/types\/product"}],"replies":[{"embeddable":true,"href":"https:\/\/www.acheter-or-argent.fr\/index2.php\/wp-json\/wp\/v2\/comments?post=156165"}],"wp:featuredmedia":[{"embeddable":true,"href":"https:\/\/www.acheter-or-argent.fr\/index2.php\/wp-json\/wp\/v2\/media\/156097"}],"wp:attachment":[{"href":"https:\/\/www.acheter-or-argent.fr\/index2.php\/wp-json\/wp\/v2\/media?parent=156165"}],"wp:term":[{"taxonomy":"product_brand","embeddable":true,"href":"https:\/\/www.acheter-or-argent.fr\/index2.php\/wp-json\/wp\/v2\/product_brand?post=156165"},{"taxonomy":"product_cat","embeddable":true,"href":"https:\/\/www.acheter-or-argent.fr\/index2.php\/wp-json\/wp\/v2\/product_cat?post=156165"},{"taxonomy":"product_tag","embeddable":true,"href":"https:\/\/www.acheter-or-argent.fr\/index2.php\/wp-json\/wp\/v2\/product_tag?post=156165"}],"curies":[{"name":"wp","href":"https:\/\/api.w.org\/{rel}","templated":true}]}}