	
	
{"id":155389,"date":"2026-04-16T17:17:15","date_gmt":"2026-04-16T15:17:15","guid":{"rendered":"https:\/\/www.acheter-or-argent.fr\/index2.php\/?post_type=product&#038;p=155389"},"modified":"2026-04-17T10:05:59","modified_gmt":"2026-04-17T08:05:59","slug":"5-leva-1976-100e-anniversaire-de-la-revolte-contre-les-turques-argent","status":"publish","type":"product","link":"https:\/\/www.acheter-or-argent.fr\/index2.php\/produit\/5-leva-1976-100e-anniversaire-de-la-revolte-contre-les-turques-argent\/","title":{"rendered":"5 leva 1976 100e anniversaire de la r\u00e9volte contre les Turques argent"},"content":{"rendered":"","protected":false},"excerpt":{"rendered":"<p><strong>Cat\u00e9gorie : investissement<\/strong><\/p>\n<p>M\u00e9tal : argent<\/p>\n<p>Ann\u00e9e 1976<br \/>\n<strong>Emetteur : Bulgarian Mint<br \/>\n<\/strong>Poids brut : 20,5 g<br \/>\nPoids fin : 10,25 g<br \/>\nTitre : 500\/1000<br \/>\nDiam\u00e8tre : 36 mm<br \/>\nEpaisseur : 3 mm<br \/>\nValeur faciale : 5 \u041b\u0415\u0412\u0410<br \/>\nEffigie : 100e anniversaire de la r\u00e9volte contre les Turques et une femme tenant une \u00e9p\u00e9e et un drapeau.<br \/>\n200 000 exemplaires<\/p>\n","protected":false},"featured_media":155391,"comment_status":"open","ping_status":"closed","template":"","meta":{"_seopress_robots_primary_cat":"none","_seopress_titles_title":"","_seopress_titles_desc":"","_seopress_robots_index":""},"product_brand":[],"product_cat":[278],"product_tag":[],"class_list":{"0":"post-155389","1":"product","2":"type-product","3":"status-publish","4":"has-post-thumbnail","6":"product_cat-bulgarie","8":"first","9":"instock","10":"taxable","11":"shipping-taxable","12":"purchasable","13":"product-type-simple"},"_links":{"self":[{"href":"https:\/\/www.acheter-or-argent.fr\/index2.php\/wp-json\/wp\/v2\/product\/155389","targetHints":{"allow":["GET"]}}],"collection":[{"href":"https:\/\/www.acheter-or-argent.fr\/index2.php\/wp-json\/wp\/v2\/product"}],"about":[{"href":"https:\/\/www.acheter-or-argent.fr\/index2.php\/wp-json\/wp\/v2\/types\/product"}],"replies":[{"embeddable":true,"href":"https:\/\/www.acheter-or-argent.fr\/index2.php\/wp-json\/wp\/v2\/comments?post=155389"}],"wp:featuredmedia":[{"embeddable":true,"href":"https:\/\/www.acheter-or-argent.fr\/index2.php\/wp-json\/wp\/v2\/media\/155391"}],"wp:attachment":[{"href":"https:\/\/www.acheter-or-argent.fr\/index2.php\/wp-json\/wp\/v2\/media?parent=155389"}],"wp:term":[{"taxonomy":"product_brand","embeddable":true,"href":"https:\/\/www.acheter-or-argent.fr\/index2.php\/wp-json\/wp\/v2\/product_brand?post=155389"},{"taxonomy":"product_cat","embeddable":true,"href":"https:\/\/www.acheter-or-argent.fr\/index2.php\/wp-json\/wp\/v2\/product_cat?post=155389"},{"taxonomy":"product_tag","embeddable":true,"href":"https:\/\/www.acheter-or-argent.fr\/index2.php\/wp-json\/wp\/v2\/product_tag?post=155389"}],"curies":[{"name":"wp","href":"https:\/\/api.w.org\/{rel}","templated":true}]}}