	
	
{"id":155233,"date":"2026-04-16T08:09:50","date_gmt":"2026-04-16T06:09:50","guid":{"rendered":"https:\/\/www.acheter-or-argent.fr\/index2.php\/?post_type=product&#038;p=155233"},"modified":"2026-04-16T08:14:41","modified_gmt":"2026-04-16T06:14:41","slug":"1-oz-little-hero-nugget-2022-2","status":"publish","type":"product","link":"https:\/\/www.acheter-or-argent.fr\/index2.php\/produit\/1-oz-little-hero-nugget-2022-2\/","title":{"rendered":"1 oz little hero nugget 2022"},"content":{"rendered":"","protected":false},"excerpt":{"rendered":"<p>Cat\u00e9gorie : investissement<\/p>\n<p>M\u00e9tal : argent<\/p>\n<p><strong>Pi\u00e8ce sous capsule en plastique<\/strong><br \/>\nAnn\u00e9e : 2022<br \/>\n30 000 exemplaires<\/p>\n<p><strong>Pays : Australie<\/strong><br \/>\n<strong>Emetteur : Perth Mint Australia<\/strong><br \/>\nPoids brut : 1 oz &#8211; 31,1 g<br \/>\nPoids fin : 31,1 g<br \/>\nTitre : 999,9\/1000<br \/>\nDiam\u00e8tre : 40,60 mm<br \/>\nEpaisseur : 4 mm<br \/>\nCette pi\u00e8ce d&rsquo;investissement en \u00e9dition limit\u00e9e repr\u00e9sente l&rsquo;une des p\u00e9pites d&rsquo;or naturelles les plus c\u00e9l\u00e8bres d&rsquo;Australie.<\/p>\n","protected":false},"featured_media":155234,"comment_status":"closed","ping_status":"closed","template":"","meta":{"_seopress_robots_primary_cat":"none","_seopress_titles_title":"","_seopress_titles_desc":"","_seopress_robots_index":""},"product_brand":[],"product_cat":[131],"product_tag":[],"class_list":{"0":"post-155233","1":"product","2":"type-product","3":"status-publish","4":"has-post-thumbnail","6":"product_cat-australie","8":"first","9":"instock","10":"taxable","11":"shipping-taxable","12":"purchasable","13":"product-type-simple"},"_links":{"self":[{"href":"https:\/\/www.acheter-or-argent.fr\/index2.php\/wp-json\/wp\/v2\/product\/155233","targetHints":{"allow":["GET"]}}],"collection":[{"href":"https:\/\/www.acheter-or-argent.fr\/index2.php\/wp-json\/wp\/v2\/product"}],"about":[{"href":"https:\/\/www.acheter-or-argent.fr\/index2.php\/wp-json\/wp\/v2\/types\/product"}],"replies":[{"embeddable":true,"href":"https:\/\/www.acheter-or-argent.fr\/index2.php\/wp-json\/wp\/v2\/comments?post=155233"}],"wp:featuredmedia":[{"embeddable":true,"href":"https:\/\/www.acheter-or-argent.fr\/index2.php\/wp-json\/wp\/v2\/media\/155234"}],"wp:attachment":[{"href":"https:\/\/www.acheter-or-argent.fr\/index2.php\/wp-json\/wp\/v2\/media?parent=155233"}],"wp:term":[{"taxonomy":"product_brand","embeddable":true,"href":"https:\/\/www.acheter-or-argent.fr\/index2.php\/wp-json\/wp\/v2\/product_brand?post=155233"},{"taxonomy":"product_cat","embeddable":true,"href":"https:\/\/www.acheter-or-argent.fr\/index2.php\/wp-json\/wp\/v2\/product_cat?post=155233"},{"taxonomy":"product_tag","embeddable":true,"href":"https:\/\/www.acheter-or-argent.fr\/index2.php\/wp-json\/wp\/v2\/product_tag?post=155233"}],"curies":[{"name":"wp","href":"https:\/\/api.w.org\/{rel}","templated":true}]}}