	
	
{"id":155075,"date":"2026-04-15T15:55:18","date_gmt":"2026-04-15T13:55:18","guid":{"rendered":"https:\/\/www.acheter-or-argent.fr\/index2.php\/?post_type=product&#038;p=155075"},"modified":"2026-04-15T21:56:10","modified_gmt":"2026-04-15T19:56:10","slug":"1-dollar-elizabeth-ii-1953","status":"publish","type":"product","link":"https:\/\/www.acheter-or-argent.fr\/index2.php\/produit\/1-dollar-elizabeth-ii-1953\/","title":{"rendered":"1 dollar cano\u00eb elizabeth II 1953"},"content":{"rendered":"","protected":false},"excerpt":{"rendered":"<p><strong>Cat\u00e9gorie : investissement<\/strong><\/p>\n<p>M\u00e9tal : argent<\/p>\n<p><strong>Pays : Canada<br \/>\n<\/strong>Poids brut : 23,33 g<br \/>\nPoids fin : 18,67 g<br \/>\nTitre : 800\/1000<br \/>\nDiam\u00e8tre : 36 mm<br \/>\n<span style=\"font-family: -apple-system, BlinkMacSystemFont, 'Segoe UI', Roboto, 'Helvetica Neue', Arial, 'Noto Sans', sans-serif, 'Apple Color Emoji', 'Segoe UI Emoji', 'Segoe UI Symbol', 'Noto Color Emoji';\">Valeur faciale : 1$ CAD<br \/>\n<\/span>Un cano\u00eb dans lequel prennent place un \u00ab\u00a0voyageur\u00a0\u00bb et un am\u00e9rindien. Le \u00ab\u00a0voyageur\u00a0\u00bb \u00e9tait un agent itin\u00e9rant travaillant pour une compagnie de traite des fourrures. Derri\u00e8re eux, il y a une petite \u00eele surmont\u00e9e de deux arbres. Dans le ciel, il y a une aurore bor\u00e9ale. Les lettres HB sont pos\u00e9es de chaque c\u00f4t\u00e9 du cano\u00eb et repr\u00e9sentent la Compagnie de la Baie d&rsquo;Hudson, une compagnie tr\u00e8s importante dans l&rsquo;histoire canadienne.<br \/>\nEtat courant<\/p>\n","protected":false},"featured_media":155077,"comment_status":"open","ping_status":"closed","template":"","meta":{"_seopress_robots_primary_cat":"none","_seopress_titles_title":"","_seopress_titles_desc":"","_seopress_robots_index":""},"product_brand":[],"product_cat":[219],"product_tag":[],"class_list":{"0":"post-155075","1":"product","2":"type-product","3":"status-publish","4":"has-post-thumbnail","6":"product_cat-canada-pieces-dargent","8":"first","9":"instock","10":"taxable","11":"shipping-taxable","12":"purchasable","13":"product-type-simple"},"_links":{"self":[{"href":"https:\/\/www.acheter-or-argent.fr\/index2.php\/wp-json\/wp\/v2\/product\/155075","targetHints":{"allow":["GET"]}}],"collection":[{"href":"https:\/\/www.acheter-or-argent.fr\/index2.php\/wp-json\/wp\/v2\/product"}],"about":[{"href":"https:\/\/www.acheter-or-argent.fr\/index2.php\/wp-json\/wp\/v2\/types\/product"}],"replies":[{"embeddable":true,"href":"https:\/\/www.acheter-or-argent.fr\/index2.php\/wp-json\/wp\/v2\/comments?post=155075"}],"wp:featuredmedia":[{"embeddable":true,"href":"https:\/\/www.acheter-or-argent.fr\/index2.php\/wp-json\/wp\/v2\/media\/155077"}],"wp:attachment":[{"href":"https:\/\/www.acheter-or-argent.fr\/index2.php\/wp-json\/wp\/v2\/media?parent=155075"}],"wp:term":[{"taxonomy":"product_brand","embeddable":true,"href":"https:\/\/www.acheter-or-argent.fr\/index2.php\/wp-json\/wp\/v2\/product_brand?post=155075"},{"taxonomy":"product_cat","embeddable":true,"href":"https:\/\/www.acheter-or-argent.fr\/index2.php\/wp-json\/wp\/v2\/product_cat?post=155075"},{"taxonomy":"product_tag","embeddable":true,"href":"https:\/\/www.acheter-or-argent.fr\/index2.php\/wp-json\/wp\/v2\/product_tag?post=155075"}],"curies":[{"name":"wp","href":"https:\/\/api.w.org\/{rel}","templated":true}]}}