	
	
{"id":154955,"date":"2026-04-15T09:33:00","date_gmt":"2026-04-15T07:33:00","guid":{"rendered":"https:\/\/www.acheter-or-argent.fr\/index2.php\/?post_type=product&#038;p=154955"},"modified":"2026-04-15T13:37:00","modified_gmt":"2026-04-15T11:37:00","slug":"1-oz-voilier-ascencion-island-2025-argent","status":"publish","type":"product","link":"https:\/\/www.acheter-or-argent.fr\/index2.php\/produit\/1-oz-voilier-ascencion-island-2025-argent\/","title":{"rendered":"1 oz voilier 2025 argent"},"content":{"rendered":"","protected":false},"excerpt":{"rendered":"<p><strong>Cat\u00e9gorie : investissement<\/strong><\/p>\n<p>M\u00e9tal : argent<br \/>\n<span style=\"font-family: -apple-system, BlinkMacSystemFont, 'Segoe UI', Roboto, 'Helvetica Neue', Arial, 'Noto Sans', sans-serif, 'Apple Color Emoji', 'Segoe UI Emoji', 'Segoe UI Symbol', 'Noto Color Emoji';\">Ann\u00e9e 2025<\/span><\/p>\n<p><strong>Pays : Ascencion Island<br \/>\n<\/strong>Emetteur : Heimerle &amp; Meule<br \/>\nPoids brut : 31,1 g<br \/>\nPoids fin : 31,1 g<br \/>\nTitre : 999\/1000<br \/>\nDiam\u00e8tre : 38,6 mm<span style=\"font-family: -apple-system, BlinkMacSystemFont, 'Segoe UI', Roboto, 'Helvetica Neue', Arial, 'Noto Sans', sans-serif, 'Apple Color Emoji', 'Segoe UI Emoji', 'Segoe UI Symbol', 'Noto Color Emoji';\"><br \/>\nValeur faciale : 1$<br \/>\nEffigie : L&rsquo;inspiration vient d&rsquo;une \u00eele qui, depuis des si\u00e8cles, est consid\u00e9r\u00e9e comme un lieu de rencontre pour les voyageurs, les marchands et les marins. Ses plages de sable blanc, ses falaises escarp\u00e9es et ses for\u00eats luxuriantes racontent l&rsquo;histoire des explorateurs qui s&rsquo;y arr\u00eataient pour se reposer avant de reprendre la mer. Aujourd&rsquo;hui encore, on y ressent l&rsquo;esprit des anciennes cultures c\u00f4ti\u00e8res \u2013 ce m\u00e9lange de s\u00e9r\u00e9nit\u00e9, de nature sauvage et de libert\u00e9 infinie.<br \/>\n<\/span><\/p>\n","protected":false},"featured_media":104610,"comment_status":"open","ping_status":"closed","template":"","meta":{"_seopress_robots_primary_cat":"none","_seopress_titles_title":"","_seopress_titles_desc":"","_seopress_robots_index":""},"product_brand":[],"product_cat":[273],"product_tag":[],"class_list":{"0":"post-154955","1":"product","2":"type-product","3":"status-publish","4":"has-post-thumbnail","6":"product_cat-ascension-island","8":"first","9":"instock","10":"taxable","11":"shipping-taxable","12":"purchasable","13":"product-type-simple"},"_links":{"self":[{"href":"https:\/\/www.acheter-or-argent.fr\/index2.php\/wp-json\/wp\/v2\/product\/154955","targetHints":{"allow":["GET"]}}],"collection":[{"href":"https:\/\/www.acheter-or-argent.fr\/index2.php\/wp-json\/wp\/v2\/product"}],"about":[{"href":"https:\/\/www.acheter-or-argent.fr\/index2.php\/wp-json\/wp\/v2\/types\/product"}],"replies":[{"embeddable":true,"href":"https:\/\/www.acheter-or-argent.fr\/index2.php\/wp-json\/wp\/v2\/comments?post=154955"}],"wp:featuredmedia":[{"embeddable":true,"href":"https:\/\/www.acheter-or-argent.fr\/index2.php\/wp-json\/wp\/v2\/media\/104610"}],"wp:attachment":[{"href":"https:\/\/www.acheter-or-argent.fr\/index2.php\/wp-json\/wp\/v2\/media?parent=154955"}],"wp:term":[{"taxonomy":"product_brand","embeddable":true,"href":"https:\/\/www.acheter-or-argent.fr\/index2.php\/wp-json\/wp\/v2\/product_brand?post=154955"},{"taxonomy":"product_cat","embeddable":true,"href":"https:\/\/www.acheter-or-argent.fr\/index2.php\/wp-json\/wp\/v2\/product_cat?post=154955"},{"taxonomy":"product_tag","embeddable":true,"href":"https:\/\/www.acheter-or-argent.fr\/index2.php\/wp-json\/wp\/v2\/product_tag?post=154955"}],"curies":[{"name":"wp","href":"https:\/\/api.w.org\/{rel}","templated":true}]}}