	
	
{"id":139784,"date":"2026-02-18T07:37:18","date_gmt":"2026-02-18T06:37:18","guid":{"rendered":"https:\/\/www.acheter-or-argent.fr\/index2.php\/?post_type=product&#038;p=139784"},"modified":"2026-04-16T20:17:47","modified_gmt":"2026-04-16T18:17:47","slug":"1-oz-monstre-loch-ness-creatures-legendaires-2026","status":"publish","type":"product","link":"https:\/\/www.acheter-or-argent.fr\/index2.php\/produit\/1-oz-monstre-loch-ness-creatures-legendaires-2026\/","title":{"rendered":"1 oz monstre du loch ness cr\u00e9atures l\u00e9gendaires 2026"},"content":{"rendered":"","protected":false},"excerpt":{"rendered":"<p>Cat\u00e9gorie : investissement<br \/>\nM\u00e9tal : argent<strong><br \/>\n<\/strong><br \/>\n<strong>Ann\u00e9e 2026<\/strong><br \/>\n<strong>Pays : Grande-Bretagne<\/strong><br \/>\n<strong>Emetteur : The British Royal Mint<\/strong><br \/>\nPoids brut : 31,10 g<br \/>\nPoids fin : 31,10 g<br \/>\nTitre : 999\/1000<br \/>\nDiam\u00e8tre : 38.61 mm<br \/>\nValeur faciale : 2\u00a3 GBP<br \/>\n<strong>50 000 exemplaires<\/strong><br \/>\n\/25 tube<br \/>\nLe monstre du Loch Ness, 1\u00e8re pi\u00e8ce de la s\u00e9rie Cr\u00e9atures L\u00e9gendaires<\/p>\n","protected":false},"featured_media":138612,"comment_status":"closed","ping_status":"closed","template":"","meta":{"_seopress_robots_primary_cat":"none","_seopress_titles_title":"","_seopress_titles_desc":"","_seopress_robots_index":""},"product_brand":[],"product_cat":[225],"product_tag":[257],"class_list":{"0":"post-139784","1":"product","2":"type-product","3":"status-publish","4":"has-post-thumbnail","6":"product_cat-grande-bretagne-pieces-dargent","7":"product_tag-nouveautes","9":"first","10":"instock","11":"taxable","12":"shipping-taxable","13":"purchasable","14":"product-type-simple"},"_links":{"self":[{"href":"https:\/\/www.acheter-or-argent.fr\/index2.php\/wp-json\/wp\/v2\/product\/139784","targetHints":{"allow":["GET"]}}],"collection":[{"href":"https:\/\/www.acheter-or-argent.fr\/index2.php\/wp-json\/wp\/v2\/product"}],"about":[{"href":"https:\/\/www.acheter-or-argent.fr\/index2.php\/wp-json\/wp\/v2\/types\/product"}],"replies":[{"embeddable":true,"href":"https:\/\/www.acheter-or-argent.fr\/index2.php\/wp-json\/wp\/v2\/comments?post=139784"}],"wp:featuredmedia":[{"embeddable":true,"href":"https:\/\/www.acheter-or-argent.fr\/index2.php\/wp-json\/wp\/v2\/media\/138612"}],"wp:attachment":[{"href":"https:\/\/www.acheter-or-argent.fr\/index2.php\/wp-json\/wp\/v2\/media?parent=139784"}],"wp:term":[{"taxonomy":"product_brand","embeddable":true,"href":"https:\/\/www.acheter-or-argent.fr\/index2.php\/wp-json\/wp\/v2\/product_brand?post=139784"},{"taxonomy":"product_cat","embeddable":true,"href":"https:\/\/www.acheter-or-argent.fr\/index2.php\/wp-json\/wp\/v2\/product_cat?post=139784"},{"taxonomy":"product_tag","embeddable":true,"href":"https:\/\/www.acheter-or-argent.fr\/index2.php\/wp-json\/wp\/v2\/product_tag?post=139784"}],"curies":[{"name":"wp","href":"https:\/\/api.w.org\/{rel}","templated":true}]}}