	
	
{"id":115,"date":"2024-09-30T16:35:31","date_gmt":"2024-09-30T14:35:31","guid":{"rendered":"https:\/\/www.acheter-or-argent.fr\/index2.php\/?post_type=product&#038;p=115"},"modified":"2026-05-12T11:40:26","modified_gmt":"2026-05-12T09:40:26","slug":"20-francs-or-ceres-2","status":"publish","type":"product","link":"https:\/\/www.acheter-or-argent.fr\/index2.php\/produit\/20-francs-or-ceres-2\/","title":{"rendered":"20 francs or c\u00e9r\u00e8s"},"content":{"rendered":"","protected":false},"excerpt":{"rendered":"<p><strong>Cat\u00e9gorie : investissement<\/strong><\/p>\n<p>M\u00e9tal : or<\/p>\n<p>Ann\u00e9es 1849 \u00e0 1851<\/p>\n<p>Qualit\u00e9 boursable<\/p>\n<p><strong>Pays : France<\/strong><br \/>\nPoids brut : 6,45 g<br \/>\nPoids fin : 5,80 g<br \/>\nTitre : 900\/1000<br \/>\n\u00d8 : 21 mm<br \/>\nValeur faciale : 20 Francs<\/p>\n<p>Graveur :<br \/>\nLOUIS MERLEY<\/p>\n","protected":false},"featured_media":4052,"comment_status":"open","ping_status":"closed","template":"","meta":{"_seopress_robots_primary_cat":"","_seopress_titles_title":"","_seopress_titles_desc":"","_seopress_robots_index":"","_seopress_analysis_target_kw":"20 francs C\u00e9r\u00e8s or,acheter pi\u00e8ce 20 francs C\u00e9r\u00e8s,valeur 20 francs C\u00e9r\u00e8s or,prix pi\u00e8ce 20 francs C\u00e9r\u00e8s,investir 20 francs C\u00e9r\u00e8s or,vente 20 francs C\u00e9r\u00e8s,cotation 20 francs C\u00e9r\u00e8s or,pi\u00e8ce or 20 francs C\u00e9r\u00e8s \u00e0 vendre,histoire pi\u00e8ce 20 francs C\u00e9r\u00e8s,raret\u00e9 pi\u00e8ce 20 francs C\u00e9r\u00e8s or,collection 20 francs C\u00e9r\u00e8s or,20 francs C\u00e9r\u00e8s cotation actuelle,Pi\u00e8ce or 20 francs C\u00e9r\u00e8s caract\u00e9ristiques,Pi\u00e8ce or C\u00e9r\u00e8s historique,Pi\u00e8ce en or C\u00e9r\u00e8s collection numismatique,Vente pi\u00e8ce en or 20 francs C\u00e9r\u00e8s,Pi\u00e8ce 20 francs or C\u00e9r\u00e8s prix d'achat,Valeur pi\u00e8ce or C\u00e9r\u00e8s 20 francs actuelle,Pi\u00e8ce en or C\u00e9r\u00e8s numismatique,Pi\u00e8ce 20 francs C\u00e9r\u00e8s collection"},"product_brand":[],"product_cat":[102],"product_tag":[],"class_list":{"0":"post-115","1":"product","2":"type-product","3":"status-publish","4":"has-post-thumbnail","6":"product_cat-france","8":"first","9":"instock","10":"taxable","11":"shipping-taxable","12":"purchasable","13":"product-type-simple"},"_links":{"self":[{"href":"https:\/\/www.acheter-or-argent.fr\/index2.php\/wp-json\/wp\/v2\/product\/115","targetHints":{"allow":["GET"]}}],"collection":[{"href":"https:\/\/www.acheter-or-argent.fr\/index2.php\/wp-json\/wp\/v2\/product"}],"about":[{"href":"https:\/\/www.acheter-or-argent.fr\/index2.php\/wp-json\/wp\/v2\/types\/product"}],"replies":[{"embeddable":true,"href":"https:\/\/www.acheter-or-argent.fr\/index2.php\/wp-json\/wp\/v2\/comments?post=115"}],"wp:featuredmedia":[{"embeddable":true,"href":"https:\/\/www.acheter-or-argent.fr\/index2.php\/wp-json\/wp\/v2\/media\/4052"}],"wp:attachment":[{"href":"https:\/\/www.acheter-or-argent.fr\/index2.php\/wp-json\/wp\/v2\/media?parent=115"}],"wp:term":[{"taxonomy":"product_brand","embeddable":true,"href":"https:\/\/www.acheter-or-argent.fr\/index2.php\/wp-json\/wp\/v2\/product_brand?post=115"},{"taxonomy":"product_cat","embeddable":true,"href":"https:\/\/www.acheter-or-argent.fr\/index2.php\/wp-json\/wp\/v2\/product_cat?post=115"},{"taxonomy":"product_tag","embeddable":true,"href":"https:\/\/www.acheter-or-argent.fr\/index2.php\/wp-json\/wp\/v2\/product_tag?post=115"}],"curies":[{"name":"wp","href":"https:\/\/api.w.org\/{rel}","templated":true}]}}