	
	
{"id":1041,"date":"2024-09-30T16:36:23","date_gmt":"2024-09-30T14:36:23","guid":{"rendered":"https:\/\/www.acheter-or-argent.fr\/index2.php\/?post_type=product&#038;p=1041"},"modified":"2026-04-14T12:04:34","modified_gmt":"2026-04-14T10:04:34","slug":"1-peso-argent-2","status":"publish","type":"product","link":"https:\/\/www.acheter-or-argent.fr\/index2.php\/produit\/1-peso-argent-2\/","title":{"rendered":"1 peso argent"},"content":{"rendered":"","protected":false},"excerpt":{"rendered":"<p><strong>Cat\u00e9gorie : investissement<\/strong><\/p>\n<p>M\u00e9tal : argent<\/p>\n<p>Ann\u00e9es 1920 \u00e0 1945<\/p>\n<p><strong>Pays : Mexique<\/strong><br \/>\nEmetteur : Banco de Mexico<br \/>\nPoids brut : 16,60 g<br \/>\nPoids fin : 11,95 g<br \/>\nTitre : 720\/1000<br \/>\nDiam\u00e8tre : 34 mm<br \/>\nEpaisseur : 2,4 mm<br \/>\n<span style=\"font-family: -apple-system, BlinkMacSystemFont, 'Segoe UI', Roboto, 'Helvetica Neue', Arial, 'Noto Sans', sans-serif, 'Apple Color Emoji', 'Segoe UI Emoji', 'Segoe UI Symbol', 'Noto Color Emoji';\">Valeur : 1 Peso (1MXP)<br \/>\n<\/span><span style=\"font-family: -apple-system, BlinkMacSystemFont, 'Segoe UI', Roboto, 'Helvetica Neue', Arial, 'Noto Sans', sans-serif, 'Apple Color Emoji', 'Segoe UI Emoji', 'Segoe UI Symbol', 'Noto Color Emoji';\">Avers : Les armoiries du Mexique\u202f: un aigle royal mexicain perch\u00e9 sur un cactus \u00e0 figues de barbarie d\u00e9vorant un serpent \u00e0 sonnettes. L&rsquo;aigle, le cactus et le serpent sont entour\u00e9s d&rsquo;une branche de ch\u00eane vert (encina) d&rsquo;un c\u00f4t\u00e9 et d&rsquo;une branche de laurier de l&rsquo;autre.<br \/>\nRevers : Casquette rayonnante avec d\u00e9nomination et couronne en dessous<\/p>\n<p>Etat courant<\/span><\/p>\n","protected":false},"featured_media":154682,"comment_status":"open","ping_status":"closed","template":"","meta":{"_seopress_robots_primary_cat":"none","_seopress_titles_title":"","_seopress_titles_desc":"","_seopress_robots_index":""},"product_brand":[],"product_cat":[217],"product_tag":[],"class_list":{"0":"post-1041","1":"product","2":"type-product","3":"status-publish","4":"has-post-thumbnail","6":"product_cat-mexique-pieces-dargent","8":"first","9":"instock","10":"taxable","11":"shipping-taxable","12":"purchasable","13":"product-type-simple"},"_links":{"self":[{"href":"https:\/\/www.acheter-or-argent.fr\/index2.php\/wp-json\/wp\/v2\/product\/1041","targetHints":{"allow":["GET"]}}],"collection":[{"href":"https:\/\/www.acheter-or-argent.fr\/index2.php\/wp-json\/wp\/v2\/product"}],"about":[{"href":"https:\/\/www.acheter-or-argent.fr\/index2.php\/wp-json\/wp\/v2\/types\/product"}],"replies":[{"embeddable":true,"href":"https:\/\/www.acheter-or-argent.fr\/index2.php\/wp-json\/wp\/v2\/comments?post=1041"}],"wp:featuredmedia":[{"embeddable":true,"href":"https:\/\/www.acheter-or-argent.fr\/index2.php\/wp-json\/wp\/v2\/media\/154682"}],"wp:attachment":[{"href":"https:\/\/www.acheter-or-argent.fr\/index2.php\/wp-json\/wp\/v2\/media?parent=1041"}],"wp:term":[{"taxonomy":"product_brand","embeddable":true,"href":"https:\/\/www.acheter-or-argent.fr\/index2.php\/wp-json\/wp\/v2\/product_brand?post=1041"},{"taxonomy":"product_cat","embeddable":true,"href":"https:\/\/www.acheter-or-argent.fr\/index2.php\/wp-json\/wp\/v2\/product_cat?post=1041"},{"taxonomy":"product_tag","embeddable":true,"href":"https:\/\/www.acheter-or-argent.fr\/index2.php\/wp-json\/wp\/v2\/product_tag?post=1041"}],"curies":[{"name":"wp","href":"https:\/\/api.w.org\/{rel}","templated":true}]}}