	
	
{"id":103176,"date":"2025-12-05T19:30:17","date_gmt":"2025-12-05T18:30:17","guid":{"rendered":"https:\/\/www.acheter-or-argent.fr\/index2.php\/?post_type=product&#038;p=103176"},"modified":"2026-03-20T18:52:45","modified_gmt":"2026-03-20T17:52:45","slug":"50-soles-or-perou","status":"publish","type":"product","link":"https:\/\/www.acheter-or-argent.fr\/index2.php\/produit\/50-soles-or-perou\/","title":{"rendered":"50 soles or P\u00e9rou"},"content":{"rendered":"","protected":false},"excerpt":{"rendered":"<p><strong>Cat\u00e9gorie : investissement<br \/>\n<\/strong><span style=\"font-family: -apple-system, BlinkMacSystemFont, 'Segoe UI', Roboto, 'Helvetica Neue', Arial, 'Noto Sans', sans-serif, 'Apple Color Emoji', 'Segoe UI Emoji', 'Segoe UI Symbol', 'Noto Color Emoji';\">M\u00e9tal : or<\/span><\/p>\n<p><strong>Pays : P\u00e9rou<\/strong><\/p>\n<p>Ann\u00e9es diff\u00e9rentes<br \/>\nPoids brut : 23,41 g<br \/>\nPoids fin : 21,07 g<br \/>\nTitre : 900\/1000<br \/>\n\u00d8: 30 mm<br \/>\nValeur faciale : 50 PEH<br \/>\nAvers : Armoiries du P\u00e9rou<br \/>\nRevers : Libert\u00e9 assise flanqu\u00e9e d&rsquo;un \u00e9cu et d&rsquo;une colonne. L\u00e9gende autour, date en dessous<\/p>\n","protected":false},"featured_media":103179,"comment_status":"open","ping_status":"closed","template":"","meta":{"_seopress_robots_primary_cat":"none","_seopress_titles_title":"","_seopress_titles_desc":"","_seopress_robots_index":""},"product_brand":[],"product_cat":[179],"product_tag":[],"class_list":{"0":"post-103176","1":"product","2":"type-product","3":"status-publish","4":"has-post-thumbnail","6":"product_cat-perou","8":"first","9":"instock","10":"taxable","11":"shipping-taxable","12":"purchasable","13":"product-type-simple"},"_links":{"self":[{"href":"https:\/\/www.acheter-or-argent.fr\/index2.php\/wp-json\/wp\/v2\/product\/103176","targetHints":{"allow":["GET"]}}],"collection":[{"href":"https:\/\/www.acheter-or-argent.fr\/index2.php\/wp-json\/wp\/v2\/product"}],"about":[{"href":"https:\/\/www.acheter-or-argent.fr\/index2.php\/wp-json\/wp\/v2\/types\/product"}],"replies":[{"embeddable":true,"href":"https:\/\/www.acheter-or-argent.fr\/index2.php\/wp-json\/wp\/v2\/comments?post=103176"}],"wp:featuredmedia":[{"embeddable":true,"href":"https:\/\/www.acheter-or-argent.fr\/index2.php\/wp-json\/wp\/v2\/media\/103179"}],"wp:attachment":[{"href":"https:\/\/www.acheter-or-argent.fr\/index2.php\/wp-json\/wp\/v2\/media?parent=103176"}],"wp:term":[{"taxonomy":"product_brand","embeddable":true,"href":"https:\/\/www.acheter-or-argent.fr\/index2.php\/wp-json\/wp\/v2\/product_brand?post=103176"},{"taxonomy":"product_cat","embeddable":true,"href":"https:\/\/www.acheter-or-argent.fr\/index2.php\/wp-json\/wp\/v2\/product_cat?post=103176"},{"taxonomy":"product_tag","embeddable":true,"href":"https:\/\/www.acheter-or-argent.fr\/index2.php\/wp-json\/wp\/v2\/product_tag?post=103176"}],"curies":[{"name":"wp","href":"https:\/\/api.w.org\/{rel}","templated":true}]}}