	
	
{"id":10139,"date":"2024-10-15T11:45:57","date_gmt":"2024-10-15T09:45:57","guid":{"rendered":"https:\/\/www.acheter-or-argent.fr\/index2.php\/?post_type=product&#038;p=10139"},"modified":"2025-05-22T11:21:16","modified_gmt":"2025-05-22T09:21:16","slug":"blister-pour-pandas","status":"publish","type":"product","link":"https:\/\/www.acheter-or-argent.fr\/index2.php\/produit\/blister-pour-pandas\/","title":{"rendered":"Blister pour Pandas"},"content":{"rendered":"","protected":false},"excerpt":{"rendered":"<p><strong>Blister de rangement pour 15 pi\u00e8ces d\u2019argent Panda sous capsules<\/strong><\/p>\n<p>Prot\u00e9gez et organisez votre collection de pi\u00e8ces d\u2019argent Panda gr\u00e2ce \u00e0 ce blister rigide con\u00e7u pour accueillir jusqu\u2019\u00e0 15 capsules. Id\u00e9al pour les collectionneurs, il offre une pr\u00e9sentation soign\u00e9e tout en assurant une protection optimale contre les chocs et les rayures. Un accessoire pratique et \u00e9l\u00e9gant pour mettre en valeur vos pr\u00e9cieuses pi\u00e8ces.<\/p>\n","protected":false},"featured_media":54594,"comment_status":"open","ping_status":"closed","template":"","meta":{"_seopress_robots_primary_cat":"none","_seopress_titles_title":"","_seopress_titles_desc":"","_seopress_robots_index":""},"product_brand":[],"product_cat":[246],"product_tag":[],"class_list":{"0":"post-10139","1":"product","2":"type-product","3":"status-publish","4":"has-post-thumbnail","6":"product_cat-boite-de-stockage","8":"first","9":"instock","10":"taxable","11":"shipping-taxable","12":"purchasable","13":"product-type-simple"},"_links":{"self":[{"href":"https:\/\/www.acheter-or-argent.fr\/index2.php\/wp-json\/wp\/v2\/product\/10139","targetHints":{"allow":["GET"]}}],"collection":[{"href":"https:\/\/www.acheter-or-argent.fr\/index2.php\/wp-json\/wp\/v2\/product"}],"about":[{"href":"https:\/\/www.acheter-or-argent.fr\/index2.php\/wp-json\/wp\/v2\/types\/product"}],"replies":[{"embeddable":true,"href":"https:\/\/www.acheter-or-argent.fr\/index2.php\/wp-json\/wp\/v2\/comments?post=10139"}],"wp:featuredmedia":[{"embeddable":true,"href":"https:\/\/www.acheter-or-argent.fr\/index2.php\/wp-json\/wp\/v2\/media\/54594"}],"wp:attachment":[{"href":"https:\/\/www.acheter-or-argent.fr\/index2.php\/wp-json\/wp\/v2\/media?parent=10139"}],"wp:term":[{"taxonomy":"product_brand","embeddable":true,"href":"https:\/\/www.acheter-or-argent.fr\/index2.php\/wp-json\/wp\/v2\/product_brand?post=10139"},{"taxonomy":"product_cat","embeddable":true,"href":"https:\/\/www.acheter-or-argent.fr\/index2.php\/wp-json\/wp\/v2\/product_cat?post=10139"},{"taxonomy":"product_tag","embeddable":true,"href":"https:\/\/www.acheter-or-argent.fr\/index2.php\/wp-json\/wp\/v2\/product_tag?post=10139"}],"curies":[{"name":"wp","href":"https:\/\/api.w.org\/{rel}","templated":true}]}}