	
	
{"id":10136,"date":"2024-10-15T11:41:27","date_gmt":"2024-10-15T09:41:27","guid":{"rendered":"https:\/\/www.acheter-or-argent.fr\/index2.php\/?post_type=product&#038;p=10136"},"modified":"2025-11-20T08:44:09","modified_gmt":"2025-11-20T07:44:09","slug":"box-kangourou","status":"publish","type":"product","link":"https:\/\/www.acheter-or-argent.fr\/index2.php\/produit\/box-kangourou\/","title":{"rendered":"Monster box kangourou Australie"},"content":{"rendered":"","protected":false},"excerpt":{"rendered":"<p><strong>Monster Box Kangourou vide \u2013 Capacit\u00e9 : 10 tubes de 25 pi\u00e8ces<\/strong><\/p>\n<p>Optimisez le stockage de vos pi\u00e8ces d\u2019argent Kangourou avec cette Monster Box vide, con\u00e7ue pour contenir jusqu\u2019\u00e0 10 tubes de 25 pi\u00e8ces. Robuste et empilable, elle assure une organisation s\u00e9curis\u00e9e et professionnelle de vos investissements en argent.<\/p>\n<p>La bo\u00eete est livr\u00e9e sans tubes, ni pi\u00e8ces.<\/p>\n","protected":false},"featured_media":54592,"comment_status":"open","ping_status":"closed","template":"","meta":{"_seopress_robots_primary_cat":"none","_seopress_titles_title":"","_seopress_titles_desc":"","_seopress_robots_index":""},"product_brand":[],"product_cat":[246],"product_tag":[],"class_list":{"0":"post-10136","1":"product","2":"type-product","3":"status-publish","4":"has-post-thumbnail","6":"product_cat-boite-de-stockage","8":"first","9":"instock","10":"taxable","11":"shipping-taxable","12":"purchasable","13":"product-type-simple"},"_links":{"self":[{"href":"https:\/\/www.acheter-or-argent.fr\/index2.php\/wp-json\/wp\/v2\/product\/10136","targetHints":{"allow":["GET"]}}],"collection":[{"href":"https:\/\/www.acheter-or-argent.fr\/index2.php\/wp-json\/wp\/v2\/product"}],"about":[{"href":"https:\/\/www.acheter-or-argent.fr\/index2.php\/wp-json\/wp\/v2\/types\/product"}],"replies":[{"embeddable":true,"href":"https:\/\/www.acheter-or-argent.fr\/index2.php\/wp-json\/wp\/v2\/comments?post=10136"}],"wp:featuredmedia":[{"embeddable":true,"href":"https:\/\/www.acheter-or-argent.fr\/index2.php\/wp-json\/wp\/v2\/media\/54592"}],"wp:attachment":[{"href":"https:\/\/www.acheter-or-argent.fr\/index2.php\/wp-json\/wp\/v2\/media?parent=10136"}],"wp:term":[{"taxonomy":"product_brand","embeddable":true,"href":"https:\/\/www.acheter-or-argent.fr\/index2.php\/wp-json\/wp\/v2\/product_brand?post=10136"},{"taxonomy":"product_cat","embeddable":true,"href":"https:\/\/www.acheter-or-argent.fr\/index2.php\/wp-json\/wp\/v2\/product_cat?post=10136"},{"taxonomy":"product_tag","embeddable":true,"href":"https:\/\/www.acheter-or-argent.fr\/index2.php\/wp-json\/wp\/v2\/product_tag?post=10136"}],"curies":[{"name":"wp","href":"https:\/\/api.w.org\/{rel}","templated":true}]}}