	
	
{"id":10078,"date":"2024-10-15T10:47:18","date_gmt":"2024-10-15T08:47:18","guid":{"rendered":"https:\/\/www.acheter-or-argent.fr\/index2.php\/?post_type=product&#038;p=10078"},"modified":"2025-05-22T14:22:35","modified_gmt":"2025-05-22T12:22:35","slug":"coffret-pour-koala-argent","status":"publish","type":"product","link":"https:\/\/www.acheter-or-argent.fr\/index2.php\/produit\/coffret-pour-koala-argent\/","title":{"rendered":"Coffret pour Koala argent"},"content":{"rendered":"","protected":false},"excerpt":{"rendered":"<p><strong>\u00c9l\u00e9gant coffret de pr\u00e9sentation pour classer 20 onces d&rsquo;argent Koala sous capsules.<\/strong><\/p>\n<p>Coffret haut de gamme id\u00e9al pour conserver et mettre en valeur votre pr\u00e9cieuse collection de pi\u00e8ces d\u2019une once Koala en argent.<\/p>\n<p>Cet \u00e9l\u00e9gant coffret de pr\u00e9sentation est fabriqu\u00e9 avec un rev\u00eatement en bois haut de gamme et un vernis noir mat. L\u2019int\u00e9rieur est en velours noir doux, offrant une protection optimale contre les rayures. Les 20 compartiments ronds int\u00e9gr\u00e9s au velours sont sp\u00e9cialement con\u00e7us pour ranger 20 pi\u00e8ces \u00ab\u00a0Koala\u00a0\u00bb en argent sous capsule.<\/p>\n<p>\u2022 \u00c9l\u00e9gant coffret noir pour classer 20 monnaies argent Australian Koala (1 once) en capsule<br \/>\n\u2022 Dimensions ext\u00e9rieures L 305 x l 245 x h 30 mm<br \/>\n\u2022 1 plateau recouvert de feutrine noire avec 20 cases rondes<br \/>\n\u2022 Marquage couleur argent sur le couvercle et \u00e0 l\u2019int\u00e9rieur avec le motif de la monnaie<br \/>\n\u2022 L\u2019int\u00e9rieur du couvercle est tapiss\u00e9 d\u2019un satin noir<br \/>\n\u2022 Syst\u00e8me de fermeture s\u00fbr et discret par aimants<\/p>\n<p>(Pi\u00e8ces non fournies).<\/p>\n","protected":false},"featured_media":13658,"comment_status":"open","ping_status":"closed","template":"","meta":{"_seopress_robots_primary_cat":"none","_seopress_titles_title":"","_seopress_titles_desc":"","_seopress_robots_index":""},"product_brand":[],"product_cat":[246],"product_tag":[],"class_list":{"0":"post-10078","1":"product","2":"type-product","3":"status-publish","4":"has-post-thumbnail","6":"product_cat-boite-de-stockage","8":"first","9":"instock","10":"taxable","11":"shipping-taxable","12":"purchasable","13":"product-type-simple"},"_links":{"self":[{"href":"https:\/\/www.acheter-or-argent.fr\/index2.php\/wp-json\/wp\/v2\/product\/10078","targetHints":{"allow":["GET"]}}],"collection":[{"href":"https:\/\/www.acheter-or-argent.fr\/index2.php\/wp-json\/wp\/v2\/product"}],"about":[{"href":"https:\/\/www.acheter-or-argent.fr\/index2.php\/wp-json\/wp\/v2\/types\/product"}],"replies":[{"embeddable":true,"href":"https:\/\/www.acheter-or-argent.fr\/index2.php\/wp-json\/wp\/v2\/comments?post=10078"}],"wp:featuredmedia":[{"embeddable":true,"href":"https:\/\/www.acheter-or-argent.fr\/index2.php\/wp-json\/wp\/v2\/media\/13658"}],"wp:attachment":[{"href":"https:\/\/www.acheter-or-argent.fr\/index2.php\/wp-json\/wp\/v2\/media?parent=10078"}],"wp:term":[{"taxonomy":"product_brand","embeddable":true,"href":"https:\/\/www.acheter-or-argent.fr\/index2.php\/wp-json\/wp\/v2\/product_brand?post=10078"},{"taxonomy":"product_cat","embeddable":true,"href":"https:\/\/www.acheter-or-argent.fr\/index2.php\/wp-json\/wp\/v2\/product_cat?post=10078"},{"taxonomy":"product_tag","embeddable":true,"href":"https:\/\/www.acheter-or-argent.fr\/index2.php\/wp-json\/wp\/v2\/product_tag?post=10078"}],"curies":[{"name":"wp","href":"https:\/\/api.w.org\/{rel}","templated":true}]}}