	
	
{"id":2582,"date":"2024-09-30T14:32:27","date_gmt":"2024-09-30T12:32:27","guid":{"rendered":"https:\/\/www.acheter-or-argent.fr\/index2.php\/?page_id=2582"},"modified":"2024-09-30T14:36:00","modified_gmt":"2024-09-30T12:36:00","slug":"3-d-secure","status":"publish","type":"page","link":"https:\/\/www.acheter-or-argent.fr\/index2.php\/3-d-secure\/","title":{"rendered":"3-D Secure"},"content":{"rendered":"\t\t<div data-elementor-type=\"wp-page\" data-elementor-id=\"2582\" class=\"elementor elementor-2582\" data-elementor-post-type=\"page\">\n\t\t\t\t<div class=\"elementor-element elementor-element-315890d e-flex e-con-boxed e-con e-parent\" data-id=\"315890d\" data-element_type=\"container\" data-e-type=\"container\">\n\t\t\t\t\t<div class=\"e-con-inner\">\n\t\t\t\t<div class=\"elementor-element elementor-element-3d4a326 elementor-widget elementor-widget-n-accordion\" data-id=\"3d4a326\" data-element_type=\"widget\" data-e-type=\"widget\" data-settings=\"{&quot;default_state&quot;:&quot;expanded&quot;,&quot;max_items_expended&quot;:&quot;one&quot;,&quot;n_accordion_animation_duration&quot;:{&quot;unit&quot;:&quot;ms&quot;,&quot;size&quot;:400,&quot;sizes&quot;:[]}}\" data-widget_type=\"nested-accordion.default\">\n\t\t\t\t<div class=\"elementor-widget-container\">\n\t\t\t\t\t\t\t<div class=\"e-n-accordion\" aria-label=\"Accordion. Open links with Enter or Space, close with Escape, and navigate with Arrow Keys\">\n\t\t\t\t\t\t<details id=\"e-n-accordion-item-6420\" class=\"e-n-accordion-item\" open>\n\t\t\t\t<summary class=\"e-n-accordion-item-title\" data-accordion-index=\"1\" tabindex=\"0\" aria-expanded=\"true\" aria-controls=\"e-n-accordion-item-6420\" >\n\t\t\t\t\t<span class='e-n-accordion-item-title-header'><div class=\"e-n-accordion-item-title-text\"> 3-D Secure <\/div><\/span>\n\t\t\t\t\t\t\t<span class='e-n-accordion-item-title-icon'>\n\t\t\t<span class='e-opened' ><svg aria-hidden=\"true\" class=\"e-font-icon-svg e-fas-minus\" viewBox=\"0 0 448 512\" xmlns=\"http:\/\/www.w3.org\/2000\/svg\"><path d=\"M416 208H32c-17.67 0-32 14.33-32 32v32c0 17.67 14.33 32 32 32h384c17.67 0 32-14.33 32-32v-32c0-17.67-14.33-32-32-32z\"><\/path><\/svg><\/span>\n\t\t\t<span class='e-closed'><svg aria-hidden=\"true\" class=\"e-font-icon-svg e-fas-plus\" viewBox=\"0 0 448 512\" xmlns=\"http:\/\/www.w3.org\/2000\/svg\"><path d=\"M416 208H272V64c0-17.67-14.33-32-32-32h-32c-17.67 0-32 14.33-32 32v144H32c-17.67 0-32 14.33-32 32v32c0 17.67 14.33 32 32 32h144v144c0 17.67 14.33 32 32 32h32c17.67 0 32-14.33 32-32V304h144c17.67 0 32-14.33 32-32v-32c0-17.67-14.33-32-32-32z\"><\/path><\/svg><\/span>\n\t\t<\/span>\n\n\t\t\t\t\t\t<\/summary>\n\t\t\t\t<div role=\"region\" aria-labelledby=\"e-n-accordion-item-6420\" class=\"elementor-element elementor-element-2b00aa5 e-con-full e-flex e-con e-child\" data-id=\"2b00aa5\" data-element_type=\"container\" data-e-type=\"container\">\n\t\t\t\t<div class=\"elementor-element elementor-element-18473c1 elementor-widget elementor-widget-text-editor\" data-id=\"18473c1\" data-element_type=\"widget\" data-e-type=\"widget\" data-widget_type=\"text-editor.default\">\n\t\t\t\t<div class=\"elementor-widget-container\">\n\t\t\t\t\t\t\t\t\t<p><b>3-D Secure<\/b>\u00a0est un protocole s\u00e9curis\u00e9 de paiement sur Internet.<br \/>D\u00e9ploy\u00e9 sous les appellations commerciales Verified By Visa et MasterCard SecureCode, 3-D Secure a \u00e9t\u00e9 d\u00e9velopp\u00e9 par Visa et Mastercard pour permettre aux marchands de limiter les risques de fraude sur Internet, li\u00e9s aux tentatives d\u2019usurpation d\u2019identit\u00e9. Il consiste \u00e0 s\u2019assurer, lors de chaque paiement en ligne, que la carte est utilis\u00e9e par son v\u00e9ritable titulaire.<br \/>Dans ce cas o\u00f9, \u00e0 la fois le commer\u00e7ant et la banque du porteur de la carte sont \u00e9quip\u00e9s, une \u00e9tape suppl\u00e9mentaire a lieu au moment du paiement. En plus du num\u00e9ro de carte bancaire, de la date d&rsquo;expiration de la carte et des trois chiffres du code de s\u00e9curit\u00e9 (imprim\u00e9s au dos de la carte), l\u2019internaute doit saisir un mot de passe, tel que sa date de naissance (authentification simple) ou un code dynamique \u00e0 usage unique (authentification forte).<\/p>\t\t\t\t\t\t\t\t<\/div>\n\t\t\t\t<\/div>\n\t\t\t\t<\/div>\n\t\t\t\t\t<\/details>\n\t\t\t\t\t\t<details id=\"e-n-accordion-item-6421\" class=\"e-n-accordion-item\" >\n\t\t\t\t<summary class=\"e-n-accordion-item-title\" data-accordion-index=\"2\" tabindex=\"-1\" aria-expanded=\"false\" aria-controls=\"e-n-accordion-item-6421\" >\n\t\t\t\t\t<span class='e-n-accordion-item-title-header'><div class=\"e-n-accordion-item-title-text\"> Description <\/div><\/span>\n\t\t\t\t\t\t\t<span class='e-n-accordion-item-title-icon'>\n\t\t\t<span class='e-opened' ><svg aria-hidden=\"true\" class=\"e-font-icon-svg e-fas-minus\" viewBox=\"0 0 448 512\" xmlns=\"http:\/\/www.w3.org\/2000\/svg\"><path d=\"M416 208H32c-17.67 0-32 14.33-32 32v32c0 17.67 14.33 32 32 32h384c17.67 0 32-14.33 32-32v-32c0-17.67-14.33-32-32-32z\"><\/path><\/svg><\/span>\n\t\t\t<span class='e-closed'><svg aria-hidden=\"true\" class=\"e-font-icon-svg e-fas-plus\" viewBox=\"0 0 448 512\" xmlns=\"http:\/\/www.w3.org\/2000\/svg\"><path d=\"M416 208H272V64c0-17.67-14.33-32-32-32h-32c-17.67 0-32 14.33-32 32v144H32c-17.67 0-32 14.33-32 32v32c0 17.67 14.33 32 32 32h144v144c0 17.67 14.33 32 32 32h32c17.67 0 32-14.33 32-32V304h144c17.67 0 32-14.33 32-32v-32c0-17.67-14.33-32-32-32z\"><\/path><\/svg><\/span>\n\t\t<\/span>\n\n\t\t\t\t\t\t<\/summary>\n\t\t\t\t<div role=\"region\" aria-labelledby=\"e-n-accordion-item-6421\" class=\"elementor-element elementor-element-d0e415c e-con-full e-flex e-con e-child\" data-id=\"d0e415c\" data-element_type=\"container\" data-e-type=\"container\">\n\t\t\t\t<div class=\"elementor-element elementor-element-0778559 elementor-widget elementor-widget-text-editor\" data-id=\"0778559\" data-element_type=\"widget\" data-e-type=\"widget\" data-widget_type=\"text-editor.default\">\n\t\t\t\t<div class=\"elementor-widget-container\">\n\t\t\t\t\t\t\t\t\t<p>Le concept de base de ce protocole (bas\u00e9 sur l&rsquo;\u00e9change de messages SMS) est de lier le processus d&rsquo;autorisation financi\u00e8re avec une authentification en ligne. Cette authentification est bas\u00e9e sur un mod\u00e8le comportant trois domaines (d&rsquo;o\u00f9 le nom 3D) qui sont :<\/p><ul><li>le commer\u00e7ant et la banque qui recevra les fonds ((en) Acquirer Domain) ;<\/li><li>la banque qui a d\u00e9livr\u00e9 la carte de paiement ((en) Issuer Domain) ;<\/li><li>le syst\u00e8me de carte bancaire ((en) Interoperability Domain).<\/li><\/ul><p>\u00a0<\/p><p>Le protocole utilise des messages SMS envoy\u00e9s via des connexions SSL (qui garantissent l&rsquo;authentification du serveur et du client par des certificats num\u00e9riques).<\/p>\t\t\t\t\t\t\t\t<\/div>\n\t\t\t\t<\/div>\n\t\t\t\t<\/div>\n\t\t\t\t\t<\/details>\n\t\t\t\t\t\t<details id=\"e-n-accordion-item-6422\" class=\"e-n-accordion-item\" >\n\t\t\t\t<summary class=\"e-n-accordion-item-title\" data-accordion-index=\"3\" tabindex=\"-1\" aria-expanded=\"false\" aria-controls=\"e-n-accordion-item-6422\" >\n\t\t\t\t\t<span class='e-n-accordion-item-title-header'><div class=\"e-n-accordion-item-title-text\"> Modalit\u00e9s <\/div><\/span>\n\t\t\t\t\t\t\t<span class='e-n-accordion-item-title-icon'>\n\t\t\t<span class='e-opened' ><svg aria-hidden=\"true\" class=\"e-font-icon-svg e-fas-minus\" viewBox=\"0 0 448 512\" xmlns=\"http:\/\/www.w3.org\/2000\/svg\"><path d=\"M416 208H32c-17.67 0-32 14.33-32 32v32c0 17.67 14.33 32 32 32h384c17.67 0 32-14.33 32-32v-32c0-17.67-14.33-32-32-32z\"><\/path><\/svg><\/span>\n\t\t\t<span class='e-closed'><svg aria-hidden=\"true\" class=\"e-font-icon-svg e-fas-plus\" viewBox=\"0 0 448 512\" xmlns=\"http:\/\/www.w3.org\/2000\/svg\"><path d=\"M416 208H272V64c0-17.67-14.33-32-32-32h-32c-17.67 0-32 14.33-32 32v144H32c-17.67 0-32 14.33-32 32v32c0 17.67 14.33 32 32 32h144v144c0 17.67 14.33 32 32 32h32c17.67 0 32-14.33 32-32V304h144c17.67 0 32-14.33 32-32v-32c0-17.67-14.33-32-32-32z\"><\/path><\/svg><\/span>\n\t\t<\/span>\n\n\t\t\t\t\t\t<\/summary>\n\t\t\t\t<div role=\"region\" aria-labelledby=\"e-n-accordion-item-6422\" class=\"elementor-element elementor-element-a53246e e-con-full e-flex e-con e-child\" data-id=\"a53246e\" data-element_type=\"container\" data-e-type=\"container\">\n\t\t\t\t<div class=\"elementor-element elementor-element-8e3de25 elementor-widget elementor-widget-text-editor\" data-id=\"8e3de25\" data-element_type=\"widget\" data-e-type=\"widget\" data-widget_type=\"text-editor.default\">\n\t\t\t\t<div class=\"elementor-widget-container\">\n\t\t\t\t\t\t\t\t\t<p>L&rsquo;activation du syst\u00e8me se fait pour le client lors du 1er achat sur un site web 3D-Secure.<br \/>Selon la banque \u00e9mettrice de la carte, les modalit\u00e9s d&rsquo;authentification varient :<\/p><ul><li><b>Cr\u00e9dit mutuel et CIC :<\/b>\u00a0le client doit au choix, soit indiquer l&rsquo;un des codes inscrits sur sa \u00ab carte de cl\u00e9s personnelles \u00bb (une grille de 64 codes \u00e0 4 chiffres dans laquelle il faut piocher le bon code en fonction de la ligne et de la colonne demand\u00e9e par le site web) et un code re\u00e7u par e-mail \u00e0 l&rsquo;adresse li\u00e9e \u00e0 son compte bancaire, soit indiquer un code re\u00e7u par SMS sur le n\u00b0 de t\u00e9l\u00e9phone associ\u00e9 \u00e0 son compte bancaire ;<\/li><li><b>Axa Banque :<\/b>\u00a0un code unique est envoy\u00e9 par SMS<\/li><li><b>Caisse d&rsquo;\u00e9pargne :<\/b>\u00a0un code est envoy\u00e9 par SMS ;<\/li><li><b>HSBC :<\/b>\u00a0le client doit indiquer sa date de naissance ; depuis juin 2010 un code est envoy\u00e9 par SMS ;<\/li><li><b>BNP Paribas :<\/b>\u00a0le client doit indiquer sa date de naissance ; depuis juillet 2009 un code est envoy\u00e9 par SMS. Le client peut opter pour un authentifieur mat\u00e9riel Digipass ;<\/li><li><b>Soci\u00e9t\u00e9 g\u00e9n\u00e9rale et Boursorama :<\/b>\u00a0le client doit indiquer sa date de naissance, depuis septembre 2009 un code est envoy\u00e9 par SMS ;<\/li><li><b>Cr\u00e9dit agricole (dont LCL) :<\/b>\u00a0depuis 2010, un code est envoy\u00e9 par SMS, \u00e0 d\u00e9faut le client doit indiquer un mot de passe personnel cr\u00e9e lors de la premi\u00e8re utilisation ;<\/li><li><b>Cr\u00e9dit du Nord et ses filiales :<\/b>\u00a0un code est envoy\u00e9 par SMS ;<\/li><li><b>BRED Banque populaire :<\/b>\u00a0une cl\u00e9 d&rsquo;authentification Ipab, cl\u00e9 cryptographique format cl\u00e9 USB ;<\/li><li><b>Groupama Banque :<\/b>\u00a0le client doit indiquer son nom, le code postal de sa r\u00e9sidence et sa date de naissance ;<\/li><li><b>La Banque postale :<\/b>\u00a0un code est envoy\u00e9 par SMS ou une possibilit\u00e9 d&rsquo;indiquer les quatre premiers chiffres de son num\u00e9ro de contrat. La Banque postale appelle ce syst\u00e8me le Certicode ;<\/li><li><b>Cr\u00e9dit coop\u00e9ratif :<\/b>; un code est g\u00e9n\u00e9r\u00e9 sur le \u00ab\u00a0lecteur s\u00e9same\u00a0\u00bb d\u00e9verrouill\u00e9 par l&rsquo;insertion de la carte bleue du porteur et la saisie du code PIN de la carte;<\/li><li><b>ING Direct :<\/b>\u00a0un code est envoy\u00e9 par SMS.<\/li><\/ul>\t\t\t\t\t\t\t\t<\/div>\n\t\t\t\t<\/div>\n\t\t\t\t<\/div>\n\t\t\t\t\t<\/details>\n\t\t\t\t\t<\/div>\n\t\t\t\t\t\t<\/div>\n\t\t\t\t<\/div>\n\t\t\t\t<div class=\"elementor-element elementor-element-8498152 elementor-widget elementor-widget-heading\" data-id=\"8498152\" data-element_type=\"widget\" data-e-type=\"widget\" data-widget_type=\"heading.default\">\n\t\t\t\t<div class=\"elementor-widget-container\">\n\t\t\t\t\t<h2 class=\"elementor-heading-title elementor-size-default\">Cet article est partiellement ou en totalit\u00e9 issu de l\u2019article de Wikip\u00e9dia en anglais intitul\u00e9 \u00ab 3-D Secure \u00bb<\/h2>\t\t\t\t<\/div>\n\t\t\t\t<\/div>\n\t\t\t\t\t<\/div>\n\t\t\t\t<\/div>\n\t\t\t\t<\/div>\n\t\t","protected":false},"excerpt":{"rendered":"<p>3-D Secure 3-D Secure\u00a0est un protocole s\u00e9curis\u00e9 de paiement sur Internet.D\u00e9ploy\u00e9 sous les appellations commerciales Verified By Visa et MasterCard SecureCode, 3-D Secure a \u00e9t\u00e9 d\u00e9velopp\u00e9 par Visa et Mastercard pour permettre aux marchands de limiter les risques de fraude sur Internet, li\u00e9s aux tentatives d\u2019usurpation d\u2019identit\u00e9. Il consiste \u00e0 s\u2019assurer, lors de chaque paiement [&hellip;]<\/p>\n","protected":false},"author":3,"featured_media":3514,"parent":0,"menu_order":0,"comment_status":"closed","ping_status":"closed","template":"","meta":{"_seopress_robots_primary_cat":"","_seopress_titles_title":"","_seopress_titles_desc":"","_seopress_robots_index":"","footnotes":""},"class_list":["post-2582","page","type-page","status-publish","has-post-thumbnail","hentry"],"_links":{"self":[{"href":"https:\/\/www.acheter-or-argent.fr\/index2.php\/wp-json\/wp\/v2\/pages\/2582","targetHints":{"allow":["GET"]}}],"collection":[{"href":"https:\/\/www.acheter-or-argent.fr\/index2.php\/wp-json\/wp\/v2\/pages"}],"about":[{"href":"https:\/\/www.acheter-or-argent.fr\/index2.php\/wp-json\/wp\/v2\/types\/page"}],"author":[{"embeddable":true,"href":"https:\/\/www.acheter-or-argent.fr\/index2.php\/wp-json\/wp\/v2\/users\/3"}],"replies":[{"embeddable":true,"href":"https:\/\/www.acheter-or-argent.fr\/index2.php\/wp-json\/wp\/v2\/comments?post=2582"}],"version-history":[{"count":0,"href":"https:\/\/www.acheter-or-argent.fr\/index2.php\/wp-json\/wp\/v2\/pages\/2582\/revisions"}],"wp:featuredmedia":[{"embeddable":true,"href":"https:\/\/www.acheter-or-argent.fr\/index2.php\/wp-json\/wp\/v2\/media\/3514"}],"wp:attachment":[{"href":"https:\/\/www.acheter-or-argent.fr\/index2.php\/wp-json\/wp\/v2\/media?parent=2582"}],"curies":[{"name":"wp","href":"https:\/\/api.w.org\/{rel}","templated":true}]}}